{"id":1942,"date":"2017-09-20T09:35:22","date_gmt":"2017-09-20T07:35:22","guid":{"rendered":"https:\/\/www.ville-clerac.fr\/historty-and-heritage\/"},"modified":"2017-10-04T18:44:42","modified_gmt":"2017-10-04T16:44:42","slug":"history-and-heritage","status":"publish","type":"page","link":"https:\/\/www.ville-clerac.fr\/en\/history-and-heritage\/","title":{"rendered":"History and heritage"},"content":{"rendered":"<div class=\"wpb-content-wrapper\">[vc_row][vc_column][vc_separator color=&#8221;custom&#8221; border_width=&#8221;2&#8243;][\/vc_column][\/vc_row][vc_row][vc_column width=&#8221;2\/3&#8243;][vc_column_text]\n<h2>History :<\/h2>\n<p style=\"text-align: justify;\">The indices of a human occupation around Cl\u00e9rac are ancient. A lot of prehistoric artefacts certify of this human presence such as flintstones, polished axes, parts of ceramic Neolithic \u2026<\/p>\n<p style=\"text-align: justify;\">Gallo-Roman remains were indicated in the east part of the territory. Indeed, Cl\u00e9rac was situated in the former province of Aquitania, near Roman important roads. The tradition evokes a first church built around the 5th century.<\/p>\n<p style=\"text-align: justify;\">In the 11th century, Lord Ado\u00efcus gave Saint-Vivien\u2019s church and the near lands around to the abbey of Gu\u00eetres. This act marks the birth of the prieur\u00e9 of Cl\u00e9rac. The church was probably reconstructed according to a model characterized by a vessel of three spans, ending in apse. The bordering lands were cultivated by monks.<\/p>\n<p style=\"text-align: justify;\">During the Hundred Years War, part of the church and the prieur\u00e9 were destroyed. The lands were ravaged and the inhabitants suffered from famine.<br \/>\nIn 1462, Hardoin de Maill\u00e9 and his wife Marguerite de La Rochefoucauld, lady of Montguyon gave to the knight Bertrand Ardilhon, in appreciation of her services, &#8220;hostels, domains and seigneury of Cl\u00e9rac&#8221;. Bertrand Ardilhon built then his current manor house, named the \u201ccastle of Caill\u00e8res\u201d. In 1492 and until the Revolution, the seigneury of Cl\u00e9rac passes by inheritance to the family Potter de Caill\u00e8res, native of Angoumois.<\/p>\n<p style=\"text-align: justify;\">It was still in the 15th century when vaults and head of the church Saint-Vivien were reconstructed, and the chapel was Saint Antoine added to the building.<br \/>\nThe 16th and 17th centuries are characterized by new confusions in particular bound to the religious Wars. Many inhabitants adopted the reformed religion and several confrontations took place near: fight of Montguyon hanging the \u201cFronde\u201d in 1652, then revolt of the farmers of the seigneury of Montguyon against the fiscal conductor in 1661.<br \/>\nIn the 18th century, a big part of the parish\u2019s territory was swampy, covered with moors and copses, the western half was dedicated to the sheeps and the ewes; East, the banks of Lary were cultivated with cereal. Until the middle of the century, travelers going from Paris to Bordeaux went throw Cl\u00e9rac. About 900 cl\u00e9racais lived there modestly, mortality was very high, resulting from the weakness of the farming technics, but also from bad harvests bound to the bad weather, and from the epidemics consecutive to a great insalubrity. The Revolution had few consequences, the Lord of Cl\u00e9rac, Louis de Caill\u00e8res was incorporated in the republican army, then became mayor of Cl\u00e9rac. Rapha\u00ebl de Caill\u00e8res, Lord of the Valade became commander of the National police of Cl\u00e9rac. Only the priest Fran\u00e7ois de la Faye d&#8217; Amb\u00e9rac, has left Cl\u00e9rac.<\/p>\n<p style=\"text-align: justify;\">From the 19th century on, the municipality prospered. To clean up the west part of the town, pines were planted, in order to produce some resin. In the second half of the century, one of the main resources of Cl\u00e9rac consisted in the production of brandy. The sheep farming was replaced by cows and pigs. One should not forget to mention the massive exploitation of the &#8220;white clay&#8221; for potteries, glass factory of G\u00e9lie, earthenware factory of the family Trijaud then for the manufacturing of terra-cotta pipes by an Alsatian having run away the war of 1870. This last one became the main activity in the Interwar period, employing several hundreds of workers on careers and factories situated near Cl\u00e9rac\u2019s station. Cl\u00e9rac took advantage of the improvement of the ways of transport.<\/p>\n<p style=\"text-align: justify;\">The roads network extends with the road Chevanceaux-Libourne; the road of Orignolles to Valin which crosses Cl\u00e9rac from north to south along Lary and road Montendre-Gu\u00eetres in the South. As consequences of this economic prosperity, the municipality counts henceforth more than 1500 inhabitants in 1861, among which former inhabitants of the Landes who came to learn technics concerning pine trees, bretons learning breeding and Italian, employed as farmers or craftsmen. The opening of the railroad Surg\u00e8res-Saint-Mariens in 1903 allowed to export brandy towards Cognac, as well as resin, wood and clay towards the port of Bordeaux. The village was transformed, the city hall and the school complex were built in 1886, the church was restored and enlarged with the chapel of the Virgin. Some prosperous families built beautiful houses as the castle of Espie, or the house Geneuil. It is only since 1960-1970, after the economic slowdown, that the population started to decrease.<\/p>\n<p style=\"text-align: justify;\">Carte de cassini, gare, distillerie, rue du jeu de quilles<\/p>\n<p style=\"text-align: justify;\">Rich industrial heritage of the 19th end until 20th centuries:<\/p>\n<ul>\n<li style=\"text-align: justify;\">Berteau\u2019s lime factory, brickyard, tilery<\/li>\n<li style=\"text-align: justify;\">Distillery of Mr Nau<\/li>\n<li style=\"text-align: justify;\">Distillery of Mr Poupelain<\/li>\n<li style=\"text-align: justify;\">Factory of preparation of product mineral, clays and minerals<\/li>\n<\/ul>\n[\/vc_column_text][\/vc_column][vc_column width=&#8221;1\/3&#8243;][vc_single_image image=&#8221;1919&#8243; img_size=&#8221;medium&#8221; add_caption=&#8221;yes&#8221; alignment=&#8221;center&#8221; style=&#8221;vc_box_rounded&#8221; onclick=&#8221;link_image&#8221;][vc_single_image image=&#8221;1935&#8243; img_size=&#8221;medium&#8221; add_caption=&#8221;yes&#8221; alignment=&#8221;center&#8221; style=&#8221;vc_box_rounded&#8221; onclick=&#8221;link_image&#8221;][vc_single_image image=&#8221;1927&#8243; img_size=&#8221;medium&#8221; add_caption=&#8221;yes&#8221; alignment=&#8221;center&#8221; style=&#8221;vc_box_rounded&#8221; onclick=&#8221;link_image&#8221;][vc_single_image image=&#8221;1939&#8243; img_size=&#8221;medium&#8221; add_caption=&#8221;yes&#8221; alignment=&#8221;center&#8221; style=&#8221;vc_box_rounded&#8221; onclick=&#8221;link_image&#8221;][\/vc_column][\/vc_row][vc_row][vc_column width=&#8221;2\/3&#8243;][vc_column_text]\n<h2>Church Saint-Vivien :<\/h2>\n<p style=\"text-align: justify;\">Built in the 9th century for its first state, the church owes its origin to the Benedictine monks. Ownership of Gu\u00eetreses abbey, it owes its patronym to the famous bishop of the 5th century, Saint-Vivien, from Saintes. The saint\u2019s day, today September 4th (before August 28th) was originally the &#8220;fr\u00e9rie\u2019s&#8221; annual local popular celebration (see schedule).<\/p>\n<p style=\"text-align: justify;\">Originally, the church Saint-Vivien was formed by a simple nave, ended by a southeast directed semicircular apse. The Roman arch which precedes the transept is very representative of the architecture of the 11th century.<\/p>\n<p style=\"text-align: justify;\">Reshaped during the 15th century, the nave was heightened and enlarged by two spans. Its head is transformed with a big Gothic window. On the south aisle was attached a chapel dedicated to Saint Antoine.<\/p>\n<p style=\"text-align: justify;\">The latin cross plan of the building was created in 1856. Abbot Millieurenche, priest of Cl\u00e9rac, built a chapel dedicated to the Virgin, with stained glasses. Year 1863 was marked by a serie of repairs, initiated by the priest Chaudruc, a part of the nave and the window of the sanctuary.<\/p>\n<p style=\"text-align: justify;\">In 1909-1910, the bell tower and the front were rebuilt. The front wall\u2019s clock was also installed.<br \/>\nInside the church are some remarkable limestone sculptures made by Camille Rapha\u00ebl Arnold in 1863, a font, a baptismal tank and the high altar. In the chapel Saint Antoine is placed a big wooden Christ and a virgin\u2019s statue made in polychromatic wooden Renaissance style, recently restored.<\/p>\n<p style=\"text-align: justify;\">The Bell photo cloche<\/p>\n<p style=\"text-align: justify;\">You should not forget to see the bell always in service since its creation in 1636, which is classified in the National Inventory.<\/p>\n<p style=\"text-align: justify;\">This bell carries a Latin registration inscription: \u201c Iesus matri que maria et sancto viviano de clerac &#8221; which means \u201dpraise Jesus and Marie her mother, as well as Saint-Vivien of Cl\u00e9rac\u201d. This inscription is also completed by the names of the godfather and the godmother, Allain de Caill\u00e8res and Izabelle de Girard Bongirauld.<\/p>\n[\/vc_column_text][\/vc_column][vc_column width=&#8221;1\/3&#8243;][vc_single_image image=&#8221;1931&#8243; img_size=&#8221;medium&#8221; add_caption=&#8221;yes&#8221; alignment=&#8221;center&#8221; style=&#8221;vc_box_rounded&#8221; onclick=&#8221;link_image&#8221;][vc_single_image image=&#8221;1929&#8243; img_size=&#8221;medium&#8221; add_caption=&#8221;yes&#8221; alignment=&#8221;center&#8221; style=&#8221;vc_box_rounded&#8221; onclick=&#8221;link_image&#8221;][vc_single_image image=&#8221;1925&#8243; img_size=&#8221;medium&#8221; add_caption=&#8221;yes&#8221; alignment=&#8221;center&#8221; style=&#8221;vc_box_rounded&#8221; onclick=&#8221;link_image&#8221;][\/vc_column][\/vc_row][vc_row][vc_column width=&#8221;2\/3&#8243;][vc_column_text]\n<h2>Castle of Caill\u00e8res :<\/h2>\n<p style=\"text-align: justify;\">The castle of Caill\u00e8res was formerly the site of Cl\u00e9rac\u2019s seigneury.<\/p>\n<p style=\"text-align: justify;\">Situated in a wooded area, this house is very representative of the &#8220;noble houses&#8221; raised in the countryside of Saintonge in the second half of the 15th century, after the departure of english invaders. The lodging house for the Master is situated in the rear of courtyard and consists in buildings flanked by a round staircase tower. The main building possesses high attic windows with pine nuts, endowed with pinnacles of the 17 and 18th centuries. All buildings are covered with slates.<\/p>\n<p style=\"text-align: justify;\">Next to the castle, before the Revolution, was created an artificial pond intended for feeding moat (today filled) and for serving as fishpool. This noble hotel of Cl\u00e9rac is mentioned during a transaction in February 20th, 1478, in which Lord Hardouin of Meshed and his wife Marguerite de la Rochefoucauld, lady of Montguyon gave to Bertrand Ardillon and his wife Jeanne Giraud, the house the fief, the hotel of Taillan and the fortress of Aurignac as well. Bertrand Ardillon having no direct descendant, the properties of Cl\u00e9rac and Taillan fell into one of his wife\u2019s nieces\u2019s hands, P\u00e9rette de Fart, married on May 14th, 1492 to Jean de Calli\u00e8res, rider, Lord of The River near La Rochefoucauld in Charente.<\/p>\n<p style=\"text-align: justify;\">By 1623, her back grandson Jacques de Calli\u00e8res began working in the castle; then Charles Rapha\u00ebl, Lord of Cl\u00e9rac married in 1721 to Catherine de Bonneiru (lady of Coustolle) who gave him three boys. The elder brother, Charles, born in 1722, inherited the castle and got married late in 1783 to a common woman named Elisabeth Verrier, but not without much protestations from his brothers. Their son Louis was born in 1775. Louis de Calli\u00e8res, heir of the domain got married in 1793 to Marie-Louise de Mallet who brought him the nearby domain of The Magdeleine. He became a soldier, hunter on horseback in the 3rd regiment for the Homeland\u2019s defense, then was decorated with the \u201clily flower\u201d (fleur de Lys) in 1814, and made marquess. That\u2019s the reason why y was received for lunch in the Tuileries castle by Her Majesty on July 28th, 1814. Two of his descendants will be mayors of Cl\u00e9rac from 1847 till 1870.<\/p>\n<p style=\"text-align: justify;\">The dynasty of Calli\u00e8res, owners of the castle, came to an end in 1945 with Charlotte de Calli\u00e8res, who sold the property to Mr Fleurian.<\/p>\n[\/vc_column_text][\/vc_column][vc_column width=&#8221;1\/3&#8243;][vc_single_image image=&#8221;1921&#8243; img_size=&#8221;medium&#8221; add_caption=&#8221;yes&#8221; alignment=&#8221;center&#8221; style=&#8221;vc_box_rounded&#8221; onclick=&#8221;link_image&#8221;][vc_single_image image=&#8221;1933&#8243; img_size=&#8221;medium&#8221; add_caption=&#8221;yes&#8221; alignment=&#8221;center&#8221; style=&#8221;vc_box_rounded&#8221; onclick=&#8221;link_image&#8221;][vc_single_image image=&#8221;1917&#8243; img_size=&#8221;medium&#8221; add_caption=&#8221;yes&#8221; alignment=&#8221;center&#8221; style=&#8221;vc_box_rounded&#8221; onclick=&#8221;link_image&#8221;][\/vc_column][\/vc_row][vc_row][vc_column width=&#8221;2\/3&#8243;][vc_column_text]\n<h2>Castle of Espie :<\/h2>\n<p style=\"text-align: justify;\">It\u2019s a big house of the 19th century encircled by a nine hectare park, which had Jules Nau and his wife Marthe Delhuile as owners. The story of this castle remains closely connected to the one of its owner Jules Nau, mayor of Cl\u00e9rac from 1884 to 1919. As an undertaking man, he decided to settle a dairy, a distillery and a wine shop there. The main part of the house was consequently enlarged by two wings by 1880. To be able to receive people, a large kitchen was settled. His affairs have become very prosperous, therefore he asked Georges and Marie-Th\u00e9r\u00e8se Nau to come and live on the property after their wedding in 1911. The couple had four children. For technical reasons, in particular the lack of cooling water for stills, the distillery was transferred to Teurlay du Lary.<\/p>\n<p style=\"text-align: justify;\">In 1925, the wine business definitively stopped with the death of Jules Nau.<br \/>\nDuring the Second World War, the castle shelters refugees from the factories \u201cDepreux filatures du Nord\u201d. They quickly gave up the place, for five years, to the German occupants.<br \/>\nSuzanne Nau had inherited the castle, and leaved Cl\u00e9rac after her wedding, but came back with her three sons after the death of her husband Jean Roi in 1976.<br \/>\nThe story of the castle of Espie came to an end in 2002, with the saling of the property by the Nau\u2019s family.<\/p>\n[\/vc_column_text][\/vc_column][vc_column width=&#8221;1\/3&#8243;][vc_single_image image=&#8221;1923&#8243; img_size=&#8221;medium&#8221; add_caption=&#8221;yes&#8221; alignment=&#8221;center&#8221; style=&#8221;vc_box_rounded&#8221; onclick=&#8221;link_image&#8221;][vc_single_image image=&#8221;1937&#8243; img_size=&#8221;medium&#8221; add_caption=&#8221;yes&#8221; alignment=&#8221;center&#8221; style=&#8221;vc_box_rounded&#8221; onclick=&#8221;link_image&#8221;][\/vc_column][\/vc_row]\n<\/div>","protected":false},"excerpt":{"rendered":"<p>[vc_row][vc_column][vc_separator color=&#8221;custom&#8221; border_width=&#8221;2&#8243;][\/vc_column][\/vc_row][vc_row][vc_column width=&#8221;2\/3&#8243;][vc_column_text] History : The indices of a human occupation around Cl\u00e9rac are ancient. A lot of prehistoric artefacts certify of this human presence such as flintstones, polished axes, parts of ceramic Neolithic \u2026 Gallo-Roman remains were indicated in the east part of the territory. Indeed, Cl\u00e9rac was situated in the former province [&hellip;]<\/p>\n","protected":false},"author":5,"featured_media":0,"parent":0,"menu_order":0,"comment_status":"closed","ping_status":"closed","template":"","meta":{"footnotes":""},"class_list":["post-1942","page","type-page","status-publish","hentry"],"yoast_head":"<!-- This site is optimized with the Yoast SEO plugin v27.4 - https:\/\/yoast.com\/product\/yoast-seo-wordpress\/ -->\n<title>History and heritage - City of Cl\u00e9rac<\/title>\n<meta name=\"robots\" content=\"index, follow, max-snippet:-1, max-image-preview:large, max-video-preview:-1\" \/>\n<link rel=\"canonical\" href=\"https:\/\/www.ville-clerac.fr\/histoire-et-patrimoine\/\" \/>\n<meta property=\"og:locale\" content=\"en_US\" \/>\n<meta property=\"og:type\" content=\"article\" \/>\n<meta property=\"og:title\" content=\"History and heritage - City of Cl\u00e9rac\" \/>\n<meta property=\"og:description\" content=\"[vc_row][vc_column][vc_separator color=&#8221;custom&#8221; border_width=&#8221;2&#8243;][\/vc_column][\/vc_row][vc_row][vc_column width=&#8221;2\/3&#8243;][vc_column_text] History : The indices of a human occupation around Cl\u00e9rac are ancient. A lot of prehistoric artefacts certify of this human presence such as flintstones, polished axes, parts of ceramic Neolithic \u2026 Gallo-Roman remains were indicated in the east part of the territory. Indeed, Cl\u00e9rac was situated in the former province [&hellip;]\" \/>\n<meta property=\"og:url\" content=\"https:\/\/www.ville-clerac.fr\/histoire-et-patrimoine\/\" \/>\n<meta property=\"og:site_name\" content=\"City of Cl\u00e9rac\" \/>\n<meta property=\"article:modified_time\" content=\"2017-10-04T16:44:42+00:00\" \/>\n<meta name=\"twitter:card\" content=\"summary_large_image\" \/>\n<meta name=\"twitter:label1\" content=\"Est. reading time\" \/>\n\t<meta name=\"twitter:data1\" content=\"10 minutes\" \/>\n<script type=\"application\/ld+json\" class=\"yoast-schema-graph\">{\"@context\":\"https:\\\/\\\/schema.org\",\"@graph\":[{\"@type\":\"WebPage\",\"@id\":\"https:\\\/\\\/www.ville-clerac.fr\\\/histoire-et-patrimoine\\\/\",\"url\":\"https:\\\/\\\/www.ville-clerac.fr\\\/histoire-et-patrimoine\\\/\",\"name\":\"History and heritage - City of Cl\u00e9rac\",\"isPartOf\":{\"@id\":\"https:\\\/\\\/www.ville-clerac.fr\\\/#website\"},\"datePublished\":\"2017-09-20T07:35:22+00:00\",\"dateModified\":\"2017-10-04T16:44:42+00:00\",\"breadcrumb\":{\"@id\":\"https:\\\/\\\/www.ville-clerac.fr\\\/histoire-et-patrimoine\\\/#breadcrumb\"},\"inLanguage\":\"en-US\",\"potentialAction\":[{\"@type\":\"ReadAction\",\"target\":[\"https:\\\/\\\/www.ville-clerac.fr\\\/histoire-et-patrimoine\\\/\"]}]},{\"@type\":\"BreadcrumbList\",\"@id\":\"https:\\\/\\\/www.ville-clerac.fr\\\/histoire-et-patrimoine\\\/#breadcrumb\",\"itemListElement\":[{\"@type\":\"ListItem\",\"position\":1,\"name\":\"Accueil\",\"item\":\"https:\\\/\\\/www.ville-clerac.fr\\\/en\\\/\"},{\"@type\":\"ListItem\",\"position\":2,\"name\":\"History and heritage\"}]},{\"@type\":\"WebSite\",\"@id\":\"https:\\\/\\\/www.ville-clerac.fr\\\/#website\",\"url\":\"https:\\\/\\\/www.ville-clerac.fr\\\/\",\"name\":\"City of Cl\u00e9rac\",\"description\":\"Official website\",\"publisher\":{\"@id\":\"https:\\\/\\\/www.ville-clerac.fr\\\/#organization\"},\"potentialAction\":[{\"@type\":\"SearchAction\",\"target\":{\"@type\":\"EntryPoint\",\"urlTemplate\":\"https:\\\/\\\/www.ville-clerac.fr\\\/?s={search_term_string}\"},\"query-input\":{\"@type\":\"PropertyValueSpecification\",\"valueRequired\":true,\"valueName\":\"search_term_string\"}}],\"inLanguage\":\"en-US\"},{\"@type\":\"Organization\",\"@id\":\"https:\\\/\\\/www.ville-clerac.fr\\\/#organization\",\"name\":\"City of Cl\u00e9rac\",\"url\":\"https:\\\/\\\/www.ville-clerac.fr\\\/\",\"logo\":{\"@type\":\"ImageObject\",\"inLanguage\":\"en-US\",\"@id\":\"https:\\\/\\\/www.ville-clerac.fr\\\/#\\\/schema\\\/logo\\\/image\\\/\",\"url\":\"https:\\\/\\\/www.ville-clerac.fr\\\/wp-content\\\/uploads\\\/2017\\\/10\\\/cropped-logo-03.png\",\"contentUrl\":\"https:\\\/\\\/www.ville-clerac.fr\\\/wp-content\\\/uploads\\\/2017\\\/10\\\/cropped-logo-03.png\",\"width\":512,\"height\":512,\"caption\":\"City of Cl\u00e9rac\"},\"image\":{\"@id\":\"https:\\\/\\\/www.ville-clerac.fr\\\/#\\\/schema\\\/logo\\\/image\\\/\"}}]}<\/script>\n<!-- \/ Yoast SEO plugin. -->","yoast_head_json":{"title":"History and heritage - City of Cl\u00e9rac","robots":{"index":"index","follow":"follow","max-snippet":"max-snippet:-1","max-image-preview":"max-image-preview:large","max-video-preview":"max-video-preview:-1"},"canonical":"https:\/\/www.ville-clerac.fr\/histoire-et-patrimoine\/","og_locale":"en_US","og_type":"article","og_title":"History and heritage - City of Cl\u00e9rac","og_description":"[vc_row][vc_column][vc_separator color=&#8221;custom&#8221; border_width=&#8221;2&#8243;][\/vc_column][\/vc_row][vc_row][vc_column width=&#8221;2\/3&#8243;][vc_column_text] History : The indices of a human occupation around Cl\u00e9rac are ancient. A lot of prehistoric artefacts certify of this human presence such as flintstones, polished axes, parts of ceramic Neolithic \u2026 Gallo-Roman remains were indicated in the east part of the territory. Indeed, Cl\u00e9rac was situated in the former province [&hellip;]","og_url":"https:\/\/www.ville-clerac.fr\/histoire-et-patrimoine\/","og_site_name":"City of Cl\u00e9rac","article_modified_time":"2017-10-04T16:44:42+00:00","twitter_card":"summary_large_image","twitter_misc":{"Est. reading time":"10 minutes"},"schema":{"@context":"https:\/\/schema.org","@graph":[{"@type":"WebPage","@id":"https:\/\/www.ville-clerac.fr\/histoire-et-patrimoine\/","url":"https:\/\/www.ville-clerac.fr\/histoire-et-patrimoine\/","name":"History and heritage - City of Cl\u00e9rac","isPartOf":{"@id":"https:\/\/www.ville-clerac.fr\/#website"},"datePublished":"2017-09-20T07:35:22+00:00","dateModified":"2017-10-04T16:44:42+00:00","breadcrumb":{"@id":"https:\/\/www.ville-clerac.fr\/histoire-et-patrimoine\/#breadcrumb"},"inLanguage":"en-US","potentialAction":[{"@type":"ReadAction","target":["https:\/\/www.ville-clerac.fr\/histoire-et-patrimoine\/"]}]},{"@type":"BreadcrumbList","@id":"https:\/\/www.ville-clerac.fr\/histoire-et-patrimoine\/#breadcrumb","itemListElement":[{"@type":"ListItem","position":1,"name":"Accueil","item":"https:\/\/www.ville-clerac.fr\/en\/"},{"@type":"ListItem","position":2,"name":"History and heritage"}]},{"@type":"WebSite","@id":"https:\/\/www.ville-clerac.fr\/#website","url":"https:\/\/www.ville-clerac.fr\/","name":"City of Cl\u00e9rac","description":"Official website","publisher":{"@id":"https:\/\/www.ville-clerac.fr\/#organization"},"potentialAction":[{"@type":"SearchAction","target":{"@type":"EntryPoint","urlTemplate":"https:\/\/www.ville-clerac.fr\/?s={search_term_string}"},"query-input":{"@type":"PropertyValueSpecification","valueRequired":true,"valueName":"search_term_string"}}],"inLanguage":"en-US"},{"@type":"Organization","@id":"https:\/\/www.ville-clerac.fr\/#organization","name":"City of Cl\u00e9rac","url":"https:\/\/www.ville-clerac.fr\/","logo":{"@type":"ImageObject","inLanguage":"en-US","@id":"https:\/\/www.ville-clerac.fr\/#\/schema\/logo\/image\/","url":"https:\/\/www.ville-clerac.fr\/wp-content\/uploads\/2017\/10\/cropped-logo-03.png","contentUrl":"https:\/\/www.ville-clerac.fr\/wp-content\/uploads\/2017\/10\/cropped-logo-03.png","width":512,"height":512,"caption":"City of Cl\u00e9rac"},"image":{"@id":"https:\/\/www.ville-clerac.fr\/#\/schema\/logo\/image\/"}}]}},"_links":{"self":[{"href":"https:\/\/www.ville-clerac.fr\/en\/wp-json\/wp\/v2\/pages\/1942","targetHints":{"allow":["GET"]}}],"collection":[{"href":"https:\/\/www.ville-clerac.fr\/en\/wp-json\/wp\/v2\/pages"}],"about":[{"href":"https:\/\/www.ville-clerac.fr\/en\/wp-json\/wp\/v2\/types\/page"}],"author":[{"embeddable":true,"href":"https:\/\/www.ville-clerac.fr\/en\/wp-json\/wp\/v2\/users\/5"}],"replies":[{"embeddable":true,"href":"https:\/\/www.ville-clerac.fr\/en\/wp-json\/wp\/v2\/comments?post=1942"}],"version-history":[{"count":5,"href":"https:\/\/www.ville-clerac.fr\/en\/wp-json\/wp\/v2\/pages\/1942\/revisions"}],"predecessor-version":[{"id":2234,"href":"https:\/\/www.ville-clerac.fr\/en\/wp-json\/wp\/v2\/pages\/1942\/revisions\/2234"}],"wp:attachment":[{"href":"https:\/\/www.ville-clerac.fr\/en\/wp-json\/wp\/v2\/media?parent=1942"}],"curies":[{"name":"wp","href":"https:\/\/api.w.org\/{rel}","templated":true}]}}