{"id":2075,"date":"2017-09-23T12:24:26","date_gmt":"2017-09-23T10:24:26","guid":{"rendered":"https:\/\/www.ville-clerac.fr\/library\/"},"modified":"2024-07-01T11:56:55","modified_gmt":"2024-07-01T09:56:55","slug":"library","status":"publish","type":"page","link":"https:\/\/www.ville-clerac.fr\/en\/library\/","title":{"rendered":"Library"},"content":{"rendered":"<div class=\"wpb-content-wrapper\">[vc_row 0=&#8221;&#8221;][vc_column width=&#8221;1\/3&#8243;][vc_single_image image=&#8221;6167&#8243; img_size=&#8221;large&#8221; style=&#8221;vc_box_shadow_border_circle_2&#8243;][vc_column_text]\n<h2>Media library contact details<\/h2>\n<p>M\u00e9diath\u00e8que de Cl\u00e9rac<br \/>3 rue du Jeu de quilles<br \/>17270 CLERAC<br \/>T\u00e9l. : 05 46 04 75 56<br \/>Mail : bibliotheque@ville-clerac.fr<\/p>\n<p><a href=\"https:\/\/www.facebook.com\/Mediatheque-de-Cl\u00e9rac-377902439611793\/\" target=\"_blank\" rel=\"noopener noreferrer\" data-mce-href=\"https:\/\/www.facebook.com\/Mediatheque-de-Cl\u00e9rac-377902439611793\/\">Page Facebook<\/a><\/p>\n[\/vc_column_text][\/vc_column][vc_column 0=&#8221;&#8221; width=&#8221;1\/3&#8243;][vc_column_text 0=&#8221;&#8221;]\n<h2 style=\"text-align: left;\">Opening hours of the Media Library<\/h2>\n<p>Tuesdays and Thursdays from 4:00 p.m. to 6:00 p.m.<br \/>\nWednesdays from 10:00 a.m. to 12:00 p.m.<br \/>\nFridays from 4:00 p.m. to 6:00 p.m.<br \/>\nSaturdays from 10:00 a.m. to 12:00 p.m.<\/p>\n<p>Library Manager: Sandra BERGES<\/p>\n<p>Volunteers: Marie-Claire Caill\u00e9, Annie Gascoin, Nad\u00e8ge Renaud, Paulette Charg\u00e9, Ginette Camps and Lucie Pont.<br \/>\n[\/vc_column_text][vc_icon icon_fontawesome=&#8221;fab fa-instagram&#8221; color=&#8221;pink&#8221; size=&#8221;lg&#8221; link=&#8221;url:https%3A%2F%2Finstagram.com%2Fmediathequedeclerac%3Futm_source%3Dqr%26igshid%3DOWQwZjg2NTYyYQ%3D%3D|target:_blank|&#8221;][vc_icon icon_fontawesome=&#8221;fab fa-facebook&#8221; size=&#8221;lg&#8221; link=&#8221;url:https%3A%2F%2Fwww.facebook.com%2FMediatheque-de-Cl%C3%A9rac-377902439611793%2F|target:_blank|&#8221;][\/vc_column][vc_column width=&#8221;1\/3&#8243;][\/vc_column][\/vc_row][vc_row 0=&#8221;&#8221;][vc_column width=&#8221;1\/3&#8243;][vc_column_text 0=&#8221;&#8221;]\n<h2 style=\"text-align: left;\">Useful information<\/h2>\n<p>The Media Library is open to the general public. Subscription and on-site consultation are free. The Media Library offers a very large selection of books (around 5,500) including Novels, Mystery, Documentaries (Adults, Teens and Young People) without forgetting the renewal of DVDs and CDs once a year.<\/p>\n<p>The user can borrow up to 8 documents maximum:<br \/>\n5 books for 3 weeks<br \/>\n1 review for 10 days<br \/>\n1 CD for 10 days<br \/>\n1 DVD for 10 days<\/p>\n<p>Consult the<br \/>\n<a href=\"https:\/\/www.ville-clerac.fr\/wp-content\/uploads\/2023\/11\/REGLEMENT-DE-LA-BIBLIOTHEQUE-DE-CLERAC.pdf\" target=\"_blank\" rel=\"noopener\">Internal regulations<\/a><br \/>\n<a href=\"https:\/\/www.ville-clerac.fr\/wp-content\/uploads\/2023\/01\/Fiche-dengagement.pdf\" target=\"_blank\" rel=\"noopener\">Commitment form<\/a><br \/>\n<a href=\"https:\/\/www.ville-clerac.fr\/wp-content\/uploads\/2023\/01\/AUTORISATION-PARENTALE.pdf\" target=\"_blank\" rel=\"noopener\">Parental authorization<\/a><br \/>\n[\/vc_column_text][vc_hoverbox image=&#8221;7244&#8243; primary_title=&#8221;&#8221; hover_title=&#8221;PAINTINGS EXHIBITION&#8221; css_animation=&#8221;fadeInLeftBig&#8221;]Exhibition of paintings by Ms. FURET Fabienne from July 10 to July 31, 2024 during the opening hours and days of the media library.[\/vc_hoverbox][\/vc_column][vc_column width=&#8221;1\/3&#8243;][vc_column_text 0=&#8221;&#8221;]\n<h2 style=\"text-align: center;\">Multimedia Space<\/h2>\n<p style=\"text-align: center;\">Three computers with internet access are at your disposal.<\/p>\n<h3 style=\"text-align: center;\"><img loading=\"lazy\" decoding=\"async\" class=\"alignnone wp-image-4139\" src=\"https:\/\/www.ville-clerac.fr\/wp-content\/uploads\/2018\/10\/P_20181018_180841_vHDR_Auto-300x210.jpg\" alt=\"\" width=\"364\" height=\"255\" srcset=\"https:\/\/www.ville-clerac.fr\/wp-content\/uploads\/2018\/10\/P_20181018_180841_vHDR_Auto-300x210.jpg 300w, https:\/\/www.ville-clerac.fr\/wp-content\/uploads\/2018\/10\/P_20181018_180841_vHDR_Auto-768x537.jpg 768w, https:\/\/www.ville-clerac.fr\/wp-content\/uploads\/2018\/10\/P_20181018_180841_vHDR_Auto.jpg 807w\" sizes=\"auto, (max-width: 364px) 100vw, 364px\" \/><\/h3>\n<h3><\/h3>\n[\/vc_column_text][vc_column_text]\n<h2 style=\"text-align: center;\"><span style=\"color: #993300;\">Manga Space<\/span><\/h2>\n<p>A Youth Manga Tour has appeared at the Media Library.[\/vc_column_text][vc_single_image image=&#8221;7059&#8243; img_size=&#8221;medium&#8221;][\/vc_column][vc_column width=&#8221;1\/3&#8243;][vc_column_text]\n<h2 style=\"text-align: center;\"><span style=\"color: #993300;\">Grain library <\/span><\/h2>\n<p>It is a free trade area of our common heritage: seeds.<\/p>\n<p>It is governed by gratuity, exchange, freedom, social ties and trust.<\/p>\n<p>Everyone can take and \/ or deposit seeds for free. For the respect of all it is requested to deposit only the seeds resulting from cultures WITHOUT CHEMICALS AND NON HYBRIDS F1.<\/p>\n<p>You can place all types of seeds (Flowers, vegetables &#8230;) there. Don&#8217;t forget to indicate the variety and the year of harvest on the bag.<\/p>\n<p style=\"text-align: center;\"><img loading=\"lazy\" decoding=\"async\" class=\"alignnone size-medium wp-image-5924\" src=\"https:\/\/www.ville-clerac.fr\/wp-content\/uploads\/2021\/09\/20210511_162031-225x300.jpg\" alt=\"\" width=\"225\" height=\"300\" srcset=\"https:\/\/www.ville-clerac.fr\/wp-content\/uploads\/2021\/09\/20210511_162031-225x300.jpg 225w, https:\/\/www.ville-clerac.fr\/wp-content\/uploads\/2021\/09\/20210511_162031-768x1024.jpg 768w, https:\/\/www.ville-clerac.fr\/wp-content\/uploads\/2021\/09\/20210511_162031-450x600.jpg 450w, https:\/\/www.ville-clerac.fr\/wp-content\/uploads\/2021\/09\/20210511_162031-1152x1536.jpg 1152w, https:\/\/www.ville-clerac.fr\/wp-content\/uploads\/2021\/09\/20210511_162031-1536x2048.jpg 1536w, https:\/\/www.ville-clerac.fr\/wp-content\/uploads\/2021\/09\/20210511_162031-scaled.jpg 1920w\" sizes=\"auto, (max-width: 225px) 100vw, 225px\" \/><\/p>\n[\/vc_column_text][\/vc_column][\/vc_row][vc_row][vc_column width=&#8221;1\/3&#8243;][vc_column_text 0=&#8221;&#8221;]\n<h2 style=\"text-align: center;\"><span style=\"color: #993300;\"><img loading=\"lazy\" decoding=\"async\" class=\"alignnone size-full wp-image-6946\" src=\"https:\/\/www.ville-clerac.fr\/wp-content\/uploads\/2023\/11\/MD17.png\" alt=\"\" width=\"269\" height=\"188\" \/><\/span><\/h2>\n<h2 style=\"text-align: center;\"><span style=\"color: #993300;\">\u00a0 D\u00e9partmental loan media Library<strong><br \/>\n<\/strong><\/span><\/h2>\n<p style=\"text-align: left;\"><a href=\"https:\/\/md17.charente-maritime.fr\/\" target=\"_blank\" rel=\"noopener noreferrer\">M\u00e9diath\u00e8que D\u00e9partementale de Pr\u00eat<\/a><\/p>\n<p style=\"text-align: left;\"><strong>La Navette (SLEM)<\/strong> comes by twice a month for an exchange of books (around 20 maximum), do not hesitate to let us know your requests.<\/p>\n<p><strong>The Bibliobus<\/strong> comes once a year for an exchange of around 400 books.<\/p>\n<p><strong>Digith\u00e8que<\/strong>: online cultural offer from Charente-Maritime.<\/p>\n<p>Press, online audio books, sports, drawing, language classes, cartoons and youth activities, etc.: Digith\u00e8que, thousands of contents accessible 7 days a week and 24 hours a day, from home or anywhere , on all media (PC, tablet, smartphone) and free of charge (Only condition of access: be registered in one of the Charente-Maritime libraries)<\/p>\n<p>Registration for the digital library : <a href=\"https:\/\/md17.charente-maritime.fr\/le-numerique-categories-2\/inscription\" target=\"_blank\" rel=\"noopener\">Click here<\/a>[\/vc_column_text][\/vc_column][vc_column width=&#8221;1\/3&#8243;][vc_column_text]\n<h2><strong><span style=\"color: #993300;\">Our latest purchases<\/span><\/strong><\/h2>\n<p><a href=\"https:\/\/www.ville-clerac.fr\/wp-content\/uploads\/2023\/11\/Achat-Novembre-2023.pdf\" target=\"_blank\" rel=\"noopener noreferrer\">What&#8217;s new November<\/a><\/p>\n<p><a href=\"https:\/\/www.ville-clerac.fr\/wp-content\/uploads\/2022\/10\/Nouveautes-GC-Juin.pdf\" target=\"_blank\" rel=\"noopener\"> New Large Print\u00a0<\/a>[\/vc_column_text][\/vc_column][vc_column width=&#8221;1\/3&#8243;][vc_column_text]<img loading=\"lazy\" decoding=\"async\" class=\"alignnone size-medium wp-image-6815\" src=\"https:\/\/www.ville-clerac.fr\/wp-content\/uploads\/2023\/07\/CamScanner-17-07-2023-10.50-1-300x129.jpg\" alt=\"\" width=\"300\" height=\"129\" srcset=\"https:\/\/www.ville-clerac.fr\/wp-content\/uploads\/2023\/07\/CamScanner-17-07-2023-10.50-1-300x129.jpg 300w, https:\/\/www.ville-clerac.fr\/wp-content\/uploads\/2023\/07\/CamScanner-17-07-2023-10.50-1-1024x440.jpg 1024w, https:\/\/www.ville-clerac.fr\/wp-content\/uploads\/2023\/07\/CamScanner-17-07-2023-10.50-1-768x330.jpg 768w, https:\/\/www.ville-clerac.fr\/wp-content\/uploads\/2023\/07\/CamScanner-17-07-2023-10.50-1-800x344.jpg 800w, https:\/\/www.ville-clerac.fr\/wp-content\/uploads\/2023\/07\/CamScanner-17-07-2023-10.50-1.jpg 1340w\" sizes=\"auto, (max-width: 300px) 100vw, 300px\" \/><\/p>\n<p><a href=\"https:\/\/www.mediatheques-haute-saintonge.com\/index.php\" target=\"_blank\" rel=\"noopener\">https:\/\/www.mediatheques-haute-saintonge<\/a><\/p>\n<p>You wish to subscribe to the Newsletters of the Libraries of South Saintonge <a href=\"https:\/\/www.mediatheques-haute-saintonge.com\/newsletters\" target=\"_blank\" rel=\"noopener\">Click here<\/a>[\/vc_column_text][vc_column_text 0=&#8221;&#8221;]\n<h2 style=\"text-align: left;\"><span style=\"color: #993300;\"><strong>Online catalog<\/strong><\/span><\/h2>\n<p>To consult the general catalog online, <strong>news<\/strong> and availability of documents<\/p>\n<p><a href=\"https:\/\/www.mediatheques-haute-saintonge.com\/liste-des-nouveautes?s_1162=01773;00111;&amp;layout=perso&amp;tri=-1&amp;ordre=1&amp;level=1&amp;fct0=add_1_bibliotheques_8\" target=\"_blank\" rel=\"noopener\">Click here<\/a><\/p>\n<p>&nbsp;<br \/>\n[\/vc_column_text][\/vc_column][\/vc_row]\n<\/div>","protected":false},"excerpt":{"rendered":"<p>[vc_row 0=&#8221;&#8221;][vc_column width=&#8221;1\/3&#8243;][vc_single_image image=&#8221;6167&#8243; img_size=&#8221;large&#8221; style=&#8221;vc_box_shadow_border_circle_2&#8243;][vc_column_text] Media library contact details M\u00e9diath\u00e8que de Cl\u00e9rac3 rue du Jeu de quilles17270 CLERACT\u00e9l. : 05 46 04 75 56Mail : bibliotheque@ville-clerac.fr Page Facebook [\/vc_column_text][\/vc_column][vc_column 0=&#8221;&#8221; width=&#8221;1\/3&#8243;][vc_column_text 0=&#8221;&#8221;] Opening hours of the Media Library Tuesdays and Thursdays from 4:00 p.m. to 6:00 p.m. Wednesdays from 10:00 a.m. to 12:00 p.m. [&hellip;]<\/p>\n","protected":false},"author":5,"featured_media":0,"parent":0,"menu_order":0,"comment_status":"closed","ping_status":"closed","template":"","meta":{"footnotes":""},"class_list":["post-2075","page","type-page","status-publish","hentry"],"yoast_head":"<!-- This site is optimized with the Yoast SEO plugin v27.4 - https:\/\/yoast.com\/product\/yoast-seo-wordpress\/ -->\n<title>Library - Free access - City of Cl\u00e9rac in Charente Maritime<\/title>\n<meta name=\"description\" content=\"Library, access and consultation on site are free, free and open to all. Tuesdays, Thursdays from 4:30 pm to 6:30 pm Saturdays from 10 am to 12\" \/>\n<meta name=\"robots\" content=\"index, follow, max-snippet:-1, max-image-preview:large, max-video-preview:-1\" \/>\n<link rel=\"canonical\" href=\"https:\/\/www.ville-clerac.fr\/bibliotheque\/\" \/>\n<meta property=\"og:locale\" content=\"en_US\" \/>\n<meta property=\"og:type\" content=\"article\" \/>\n<meta property=\"og:title\" content=\"Library - Free access - City of Cl\u00e9rac in Charente Maritime\" \/>\n<meta property=\"og:description\" content=\"Library, access and consultation on site are free, free and open to all. Tuesdays, Thursdays from 4:30 pm to 6:30 pm Saturdays from 10 am to 12\" \/>\n<meta property=\"og:url\" content=\"https:\/\/www.ville-clerac.fr\/bibliotheque\/\" \/>\n<meta property=\"og:site_name\" content=\"City of Cl\u00e9rac\" \/>\n<meta property=\"article:modified_time\" content=\"2024-07-01T09:56:55+00:00\" \/>\n<meta property=\"og:image\" content=\"https:\/\/www.ville-clerac.fr\/wp-content\/uploads\/2018\/10\/P_20181018_180841_vHDR_Auto-300x210.jpg\" \/>\n<meta name=\"twitter:card\" content=\"summary_large_image\" \/>\n<meta name=\"twitter:label1\" content=\"Est. reading time\" \/>\n\t<meta name=\"twitter:data1\" content=\"3 minutes\" \/>\n<script type=\"application\/ld+json\" class=\"yoast-schema-graph\">{\"@context\":\"https:\\\/\\\/schema.org\",\"@graph\":[{\"@type\":\"WebPage\",\"@id\":\"https:\\\/\\\/www.ville-clerac.fr\\\/bibliotheque\\\/\",\"url\":\"https:\\\/\\\/www.ville-clerac.fr\\\/bibliotheque\\\/\",\"name\":\"Library - Free access - City of Cl\u00e9rac in Charente Maritime\",\"isPartOf\":{\"@id\":\"https:\\\/\\\/www.ville-clerac.fr\\\/#website\"},\"primaryImageOfPage\":{\"@id\":\"https:\\\/\\\/www.ville-clerac.fr\\\/bibliotheque\\\/#primaryimage\"},\"image\":{\"@id\":\"https:\\\/\\\/www.ville-clerac.fr\\\/bibliotheque\\\/#primaryimage\"},\"thumbnailUrl\":\"https:\\\/\\\/www.ville-clerac.fr\\\/wp-content\\\/uploads\\\/2018\\\/10\\\/P_20181018_180841_vHDR_Auto-300x210.jpg\",\"datePublished\":\"2017-09-23T10:24:26+00:00\",\"dateModified\":\"2024-07-01T09:56:55+00:00\",\"description\":\"Library, access and consultation on site are free, free and open to all. Tuesdays, Thursdays from 4:30 pm to 6:30 pm Saturdays from 10 am to 12\",\"breadcrumb\":{\"@id\":\"https:\\\/\\\/www.ville-clerac.fr\\\/bibliotheque\\\/#breadcrumb\"},\"inLanguage\":\"en-US\",\"potentialAction\":[{\"@type\":\"ReadAction\",\"target\":[\"https:\\\/\\\/www.ville-clerac.fr\\\/bibliotheque\\\/\"]}]},{\"@type\":\"ImageObject\",\"inLanguage\":\"en-US\",\"@id\":\"https:\\\/\\\/www.ville-clerac.fr\\\/bibliotheque\\\/#primaryimage\",\"url\":\"https:\\\/\\\/www.ville-clerac.fr\\\/wp-content\\\/uploads\\\/2018\\\/10\\\/P_20181018_180841_vHDR_Auto-300x210.jpg\",\"contentUrl\":\"https:\\\/\\\/www.ville-clerac.fr\\\/wp-content\\\/uploads\\\/2018\\\/10\\\/P_20181018_180841_vHDR_Auto-300x210.jpg\"},{\"@type\":\"BreadcrumbList\",\"@id\":\"https:\\\/\\\/www.ville-clerac.fr\\\/bibliotheque\\\/#breadcrumb\",\"itemListElement\":[{\"@type\":\"ListItem\",\"position\":1,\"name\":\"Accueil\",\"item\":\"https:\\\/\\\/www.ville-clerac.fr\\\/en\\\/\"},{\"@type\":\"ListItem\",\"position\":2,\"name\":\"Library\"}]},{\"@type\":\"WebSite\",\"@id\":\"https:\\\/\\\/www.ville-clerac.fr\\\/#website\",\"url\":\"https:\\\/\\\/www.ville-clerac.fr\\\/\",\"name\":\"City of Cl\u00e9rac\",\"description\":\"Official website\",\"publisher\":{\"@id\":\"https:\\\/\\\/www.ville-clerac.fr\\\/#organization\"},\"potentialAction\":[{\"@type\":\"SearchAction\",\"target\":{\"@type\":\"EntryPoint\",\"urlTemplate\":\"https:\\\/\\\/www.ville-clerac.fr\\\/?s={search_term_string}\"},\"query-input\":{\"@type\":\"PropertyValueSpecification\",\"valueRequired\":true,\"valueName\":\"search_term_string\"}}],\"inLanguage\":\"en-US\"},{\"@type\":\"Organization\",\"@id\":\"https:\\\/\\\/www.ville-clerac.fr\\\/#organization\",\"name\":\"City of Cl\u00e9rac\",\"url\":\"https:\\\/\\\/www.ville-clerac.fr\\\/\",\"logo\":{\"@type\":\"ImageObject\",\"inLanguage\":\"en-US\",\"@id\":\"https:\\\/\\\/www.ville-clerac.fr\\\/#\\\/schema\\\/logo\\\/image\\\/\",\"url\":\"https:\\\/\\\/www.ville-clerac.fr\\\/wp-content\\\/uploads\\\/2017\\\/10\\\/cropped-logo-03.png\",\"contentUrl\":\"https:\\\/\\\/www.ville-clerac.fr\\\/wp-content\\\/uploads\\\/2017\\\/10\\\/cropped-logo-03.png\",\"width\":512,\"height\":512,\"caption\":\"City of Cl\u00e9rac\"},\"image\":{\"@id\":\"https:\\\/\\\/www.ville-clerac.fr\\\/#\\\/schema\\\/logo\\\/image\\\/\"}}]}<\/script>\n<!-- \/ Yoast SEO plugin. -->","yoast_head_json":{"title":"Library - Free access - City of Cl\u00e9rac in Charente Maritime","description":"Library, access and consultation on site are free, free and open to all. Tuesdays, Thursdays from 4:30 pm to 6:30 pm Saturdays from 10 am to 12","robots":{"index":"index","follow":"follow","max-snippet":"max-snippet:-1","max-image-preview":"max-image-preview:large","max-video-preview":"max-video-preview:-1"},"canonical":"https:\/\/www.ville-clerac.fr\/bibliotheque\/","og_locale":"en_US","og_type":"article","og_title":"Library - Free access - City of Cl\u00e9rac in Charente Maritime","og_description":"Library, access and consultation on site are free, free and open to all. Tuesdays, Thursdays from 4:30 pm to 6:30 pm Saturdays from 10 am to 12","og_url":"https:\/\/www.ville-clerac.fr\/bibliotheque\/","og_site_name":"City of Cl\u00e9rac","article_modified_time":"2024-07-01T09:56:55+00:00","og_image":[{"url":"https:\/\/www.ville-clerac.fr\/wp-content\/uploads\/2018\/10\/P_20181018_180841_vHDR_Auto-300x210.jpg","type":"","width":"","height":""}],"twitter_card":"summary_large_image","twitter_misc":{"Est. reading time":"3 minutes"},"schema":{"@context":"https:\/\/schema.org","@graph":[{"@type":"WebPage","@id":"https:\/\/www.ville-clerac.fr\/bibliotheque\/","url":"https:\/\/www.ville-clerac.fr\/bibliotheque\/","name":"Library - Free access - City of Cl\u00e9rac in Charente Maritime","isPartOf":{"@id":"https:\/\/www.ville-clerac.fr\/#website"},"primaryImageOfPage":{"@id":"https:\/\/www.ville-clerac.fr\/bibliotheque\/#primaryimage"},"image":{"@id":"https:\/\/www.ville-clerac.fr\/bibliotheque\/#primaryimage"},"thumbnailUrl":"https:\/\/www.ville-clerac.fr\/wp-content\/uploads\/2018\/10\/P_20181018_180841_vHDR_Auto-300x210.jpg","datePublished":"2017-09-23T10:24:26+00:00","dateModified":"2024-07-01T09:56:55+00:00","description":"Library, access and consultation on site are free, free and open to all. Tuesdays, Thursdays from 4:30 pm to 6:30 pm Saturdays from 10 am to 12","breadcrumb":{"@id":"https:\/\/www.ville-clerac.fr\/bibliotheque\/#breadcrumb"},"inLanguage":"en-US","potentialAction":[{"@type":"ReadAction","target":["https:\/\/www.ville-clerac.fr\/bibliotheque\/"]}]},{"@type":"ImageObject","inLanguage":"en-US","@id":"https:\/\/www.ville-clerac.fr\/bibliotheque\/#primaryimage","url":"https:\/\/www.ville-clerac.fr\/wp-content\/uploads\/2018\/10\/P_20181018_180841_vHDR_Auto-300x210.jpg","contentUrl":"https:\/\/www.ville-clerac.fr\/wp-content\/uploads\/2018\/10\/P_20181018_180841_vHDR_Auto-300x210.jpg"},{"@type":"BreadcrumbList","@id":"https:\/\/www.ville-clerac.fr\/bibliotheque\/#breadcrumb","itemListElement":[{"@type":"ListItem","position":1,"name":"Accueil","item":"https:\/\/www.ville-clerac.fr\/en\/"},{"@type":"ListItem","position":2,"name":"Library"}]},{"@type":"WebSite","@id":"https:\/\/www.ville-clerac.fr\/#website","url":"https:\/\/www.ville-clerac.fr\/","name":"City of Cl\u00e9rac","description":"Official website","publisher":{"@id":"https:\/\/www.ville-clerac.fr\/#organization"},"potentialAction":[{"@type":"SearchAction","target":{"@type":"EntryPoint","urlTemplate":"https:\/\/www.ville-clerac.fr\/?s={search_term_string}"},"query-input":{"@type":"PropertyValueSpecification","valueRequired":true,"valueName":"search_term_string"}}],"inLanguage":"en-US"},{"@type":"Organization","@id":"https:\/\/www.ville-clerac.fr\/#organization","name":"City of Cl\u00e9rac","url":"https:\/\/www.ville-clerac.fr\/","logo":{"@type":"ImageObject","inLanguage":"en-US","@id":"https:\/\/www.ville-clerac.fr\/#\/schema\/logo\/image\/","url":"https:\/\/www.ville-clerac.fr\/wp-content\/uploads\/2017\/10\/cropped-logo-03.png","contentUrl":"https:\/\/www.ville-clerac.fr\/wp-content\/uploads\/2017\/10\/cropped-logo-03.png","width":512,"height":512,"caption":"City of Cl\u00e9rac"},"image":{"@id":"https:\/\/www.ville-clerac.fr\/#\/schema\/logo\/image\/"}}]}},"_links":{"self":[{"href":"https:\/\/www.ville-clerac.fr\/en\/wp-json\/wp\/v2\/pages\/2075","targetHints":{"allow":["GET"]}}],"collection":[{"href":"https:\/\/www.ville-clerac.fr\/en\/wp-json\/wp\/v2\/pages"}],"about":[{"href":"https:\/\/www.ville-clerac.fr\/en\/wp-json\/wp\/v2\/types\/page"}],"author":[{"embeddable":true,"href":"https:\/\/www.ville-clerac.fr\/en\/wp-json\/wp\/v2\/users\/5"}],"replies":[{"embeddable":true,"href":"https:\/\/www.ville-clerac.fr\/en\/wp-json\/wp\/v2\/comments?post=2075"}],"version-history":[{"count":5,"href":"https:\/\/www.ville-clerac.fr\/en\/wp-json\/wp\/v2\/pages\/2075\/revisions"}],"predecessor-version":[{"id":7253,"href":"https:\/\/www.ville-clerac.fr\/en\/wp-json\/wp\/v2\/pages\/2075\/revisions\/7253"}],"wp:attachment":[{"href":"https:\/\/www.ville-clerac.fr\/en\/wp-json\/wp\/v2\/media?parent=2075"}],"curies":[{"name":"wp","href":"https:\/\/api.w.org\/{rel}","templated":true}]}}