{"id":2083,"date":"2017-09-23T12:38:21","date_gmt":"2017-09-23T10:38:21","guid":{"rendered":"https:\/\/www.ville-clerac.fr\/the-hikes\/"},"modified":"2021-12-17T10:27:29","modified_gmt":"2021-12-17T09:27:29","slug":"the-hikes","status":"publish","type":"page","link":"https:\/\/www.ville-clerac.fr\/en\/the-hikes\/","title":{"rendered":"The hikes"},"content":{"rendered":"<div class=\"wpb-content-wrapper\">[vc_row][vc_column width=&#8221;2\/3&#8243;][vc_column_text]The Cl\u00e9rac\u2019s district is covered by 3200 ha of forest, representing almost 75 % of the territory.<\/p>\n<p>The exploitation of clay has tattooed the landscape, as for example the formation of the blue lakes. The white clay faces reflect the sky and gives to the water this characteristic colour, which depends on depth, weather and vegetation.<\/p>\n<p><strong>The &#8220;Moon Walk&#8221; :<\/strong><br \/>\nThis walk was created in 2007, around a pond. A horse shelter and room for campers, with water and electricity, was installed.<\/p>\n<p><strong>The &#8220;Green Way&#8221; : <\/strong>35 km (walker, rider, roller, horse) :<br \/>\nBuilt by the \u201cCommunaut\u00e9 de communes de Haute Saintonge\u201d, this way resumes the old railway\u2019s substructures from Ch\u00e2teauneuf (16) to Saint-Mariens (33), stopped in 1989. For the moment, two sections are transformed. The first links Cl\u00e9rac to Chantillac on 15 km, and the second, inaugurated in 2006, links Chantillac to Barbezieux on 20 km called \u201cGalope Chopine\u201d. At the end, the green way joins Angoul\u00eame.<br \/>\nPerfect for a family walk with a small incline, this \u201cGreen Way\u201d is protected from the sun thanks to the vegetable cover.<\/p>\n<p><strong>Lap n\u00b01 :<\/strong> \u00ab Castles tour \u00bb (9,5 km)<br \/>\nThis route takes completely place on Cl\u00e9rac\u2019s territory. The tour starts in front of the Mairie and follows the way to Cercoux.<\/p>\n<p><strong>Lap n\u00b03 :<\/strong> \u00ab\u00a0Castles and valleys \u00bb (17 km)<br \/>\nThis walk links Clerac to Montguyon and takes a part of the green way between Orignolles and Clerac.<\/p>\n<p><strong>Tour n\u00b08 (4km), n\u00b09 (9,5 km) et n\u00b010(13 km)<\/strong><br \/>\nThese tours join Cl\u00e9rac to Cercoux and are located in the South of Cl\u00e9rac\u2019s district.<\/p>\n<p><strong>Lap n\u00b014 A :<\/strong> \u00ab Blue lakes tour \u00bb(10 km)<br \/>\nThis route starts to Montguyon, but the biggest part of this tour is located in the North-East on the Cl\u00e9rac\u2019s district.[\/vc_column_text][vc_column_text]<img loading=\"lazy\" decoding=\"async\" class=\"alignnone size-medium wp-image-6037\" src=\"https:\/\/www.ville-clerac.fr\/wp-content\/uploads\/2021\/11\/logo-ASCC-300x294.png\" alt=\"\" width=\"300\" height=\"294\" srcset=\"https:\/\/www.ville-clerac.fr\/wp-content\/uploads\/2021\/11\/logo-ASCC-300x294.png 300w, https:\/\/www.ville-clerac.fr\/wp-content\/uploads\/2021\/11\/logo-ASCC.png 448w\" sizes=\"auto, (max-width: 300px) 100vw, 300px\" \/><\/p>\n<h3><strong>ASCC<\/strong><\/h3>\n<p>Randonn\u00e9es p\u00e9destre (8, 10 et 12 km)<\/p>\n<p>et VTT (20 \u00e0 35 km)<\/p>\n<p>Chaque 3\u00e8me dimanche du mois<\/p>\n<p>D\u00e9part 9h \u00e0 la Salle Associative de Cl\u00e9rac<\/p>\n<p>Renseignements sur place.[\/vc_column_text][\/vc_column][vc_column width=&#8221;1\/3&#8243;][vc_gallery type=&#8221;flexslider_slide&#8221; interval=&#8221;3&#8243; images=&#8221;1833,1835&#8243; img_size=&#8221;large&#8221; onclick=&#8221;&#8221;][vc_gallery type=&#8221;flexslider_slide&#8221; interval=&#8221;3&#8243; images=&#8221;1837,1849&#8243; img_size=&#8221;large&#8221; onclick=&#8221;&#8221;][vc_single_image image=&#8221;1843&#8243; img_size=&#8221;large&#8221;][\/vc_column][\/vc_row]\n<\/div>","protected":false},"excerpt":{"rendered":"<p>[vc_row][vc_column width=&#8221;2\/3&#8243;][vc_column_text]The Cl\u00e9rac\u2019s district is covered by 3200 ha of forest, representing almost 75 % of the territory. The exploitation of clay has tattooed the landscape, as for example the formation of the blue lakes. The white clay faces reflect the sky and gives to the water this characteristic colour, which depends on depth, weather [&hellip;]<\/p>\n","protected":false},"author":5,"featured_media":0,"parent":0,"menu_order":0,"comment_status":"closed","ping_status":"closed","template":"","meta":{"footnotes":""},"class_list":["post-2083","page","type-page","status-publish","hentry"],"yoast_head":"<!-- This site is optimized with the Yoast SEO plugin v27.3 - https:\/\/yoast.com\/product\/yoast-seo-wordpress\/ -->\n<title>Hiking in Cl\u00e9rac in Charente Maritime<\/title>\n<meta name=\"description\" content=\"In a green environment, Cl\u00e9rac offers you the possibility of hiking through a forest of 3200ha, a multitude of landscape.\" \/>\n<meta name=\"robots\" content=\"index, follow, max-snippet:-1, max-image-preview:large, max-video-preview:-1\" \/>\n<link rel=\"canonical\" href=\"https:\/\/www.ville-clerac.fr\/les-randonnees\/\" \/>\n<meta property=\"og:locale\" content=\"en_US\" \/>\n<meta property=\"og:type\" content=\"article\" \/>\n<meta property=\"og:title\" content=\"Hiking in Cl\u00e9rac in Charente Maritime\" \/>\n<meta property=\"og:description\" content=\"In a green environment, Cl\u00e9rac offers you the possibility of hiking through a forest of 3200ha, a multitude of landscape.\" \/>\n<meta property=\"og:url\" content=\"https:\/\/www.ville-clerac.fr\/les-randonnees\/\" \/>\n<meta property=\"og:site_name\" content=\"City of Cl\u00e9rac\" \/>\n<meta property=\"article:modified_time\" content=\"2021-12-17T09:27:29+00:00\" \/>\n<meta property=\"og:image\" content=\"https:\/\/www.ville-clerac.fr\/wp-content\/uploads\/2021\/11\/logo-ASCC-300x294.png\" \/>\n<meta name=\"twitter:card\" content=\"summary_large_image\" \/>\n<meta name=\"twitter:label1\" content=\"Est. reading time\" \/>\n\t<meta name=\"twitter:data1\" content=\"2 minutes\" \/>\n<script type=\"application\/ld+json\" class=\"yoast-schema-graph\">{\"@context\":\"https:\\\/\\\/schema.org\",\"@graph\":[{\"@type\":\"WebPage\",\"@id\":\"https:\\\/\\\/www.ville-clerac.fr\\\/les-randonnees\\\/\",\"url\":\"https:\\\/\\\/www.ville-clerac.fr\\\/les-randonnees\\\/\",\"name\":\"Hiking in Cl\u00e9rac in Charente Maritime\",\"isPartOf\":{\"@id\":\"https:\\\/\\\/www.ville-clerac.fr\\\/#website\"},\"primaryImageOfPage\":{\"@id\":\"https:\\\/\\\/www.ville-clerac.fr\\\/les-randonnees\\\/#primaryimage\"},\"image\":{\"@id\":\"https:\\\/\\\/www.ville-clerac.fr\\\/les-randonnees\\\/#primaryimage\"},\"thumbnailUrl\":\"https:\\\/\\\/www.ville-clerac.fr\\\/wp-content\\\/uploads\\\/2021\\\/11\\\/logo-ASCC-300x294.png\",\"datePublished\":\"2017-09-23T10:38:21+00:00\",\"dateModified\":\"2021-12-17T09:27:29+00:00\",\"description\":\"In a green environment, Cl\u00e9rac offers you the possibility of hiking through a forest of 3200ha, a multitude of landscape.\",\"breadcrumb\":{\"@id\":\"https:\\\/\\\/www.ville-clerac.fr\\\/les-randonnees\\\/#breadcrumb\"},\"inLanguage\":\"en-US\",\"potentialAction\":[{\"@type\":\"ReadAction\",\"target\":[\"https:\\\/\\\/www.ville-clerac.fr\\\/les-randonnees\\\/\"]}]},{\"@type\":\"ImageObject\",\"inLanguage\":\"en-US\",\"@id\":\"https:\\\/\\\/www.ville-clerac.fr\\\/les-randonnees\\\/#primaryimage\",\"url\":\"https:\\\/\\\/www.ville-clerac.fr\\\/wp-content\\\/uploads\\\/2021\\\/11\\\/logo-ASCC-300x294.png\",\"contentUrl\":\"https:\\\/\\\/www.ville-clerac.fr\\\/wp-content\\\/uploads\\\/2021\\\/11\\\/logo-ASCC-300x294.png\"},{\"@type\":\"BreadcrumbList\",\"@id\":\"https:\\\/\\\/www.ville-clerac.fr\\\/les-randonnees\\\/#breadcrumb\",\"itemListElement\":[{\"@type\":\"ListItem\",\"position\":1,\"name\":\"Accueil\",\"item\":\"https:\\\/\\\/www.ville-clerac.fr\\\/en\\\/\"},{\"@type\":\"ListItem\",\"position\":2,\"name\":\"The hikes\"}]},{\"@type\":\"WebSite\",\"@id\":\"https:\\\/\\\/www.ville-clerac.fr\\\/#website\",\"url\":\"https:\\\/\\\/www.ville-clerac.fr\\\/\",\"name\":\"City of Cl\u00e9rac\",\"description\":\"Official website\",\"publisher\":{\"@id\":\"https:\\\/\\\/www.ville-clerac.fr\\\/#organization\"},\"potentialAction\":[{\"@type\":\"SearchAction\",\"target\":{\"@type\":\"EntryPoint\",\"urlTemplate\":\"https:\\\/\\\/www.ville-clerac.fr\\\/?s={search_term_string}\"},\"query-input\":{\"@type\":\"PropertyValueSpecification\",\"valueRequired\":true,\"valueName\":\"search_term_string\"}}],\"inLanguage\":\"en-US\"},{\"@type\":\"Organization\",\"@id\":\"https:\\\/\\\/www.ville-clerac.fr\\\/#organization\",\"name\":\"City of Cl\u00e9rac\",\"url\":\"https:\\\/\\\/www.ville-clerac.fr\\\/\",\"logo\":{\"@type\":\"ImageObject\",\"inLanguage\":\"en-US\",\"@id\":\"https:\\\/\\\/www.ville-clerac.fr\\\/#\\\/schema\\\/logo\\\/image\\\/\",\"url\":\"https:\\\/\\\/www.ville-clerac.fr\\\/wp-content\\\/uploads\\\/2017\\\/10\\\/cropped-logo-03.png\",\"contentUrl\":\"https:\\\/\\\/www.ville-clerac.fr\\\/wp-content\\\/uploads\\\/2017\\\/10\\\/cropped-logo-03.png\",\"width\":512,\"height\":512,\"caption\":\"City of Cl\u00e9rac\"},\"image\":{\"@id\":\"https:\\\/\\\/www.ville-clerac.fr\\\/#\\\/schema\\\/logo\\\/image\\\/\"}}]}<\/script>\n<!-- \/ Yoast SEO plugin. -->","yoast_head_json":{"title":"Hiking in Cl\u00e9rac in Charente Maritime","description":"In a green environment, Cl\u00e9rac offers you the possibility of hiking through a forest of 3200ha, a multitude of landscape.","robots":{"index":"index","follow":"follow","max-snippet":"max-snippet:-1","max-image-preview":"max-image-preview:large","max-video-preview":"max-video-preview:-1"},"canonical":"https:\/\/www.ville-clerac.fr\/les-randonnees\/","og_locale":"en_US","og_type":"article","og_title":"Hiking in Cl\u00e9rac in Charente Maritime","og_description":"In a green environment, Cl\u00e9rac offers you the possibility of hiking through a forest of 3200ha, a multitude of landscape.","og_url":"https:\/\/www.ville-clerac.fr\/les-randonnees\/","og_site_name":"City of Cl\u00e9rac","article_modified_time":"2021-12-17T09:27:29+00:00","og_image":[{"url":"https:\/\/www.ville-clerac.fr\/wp-content\/uploads\/2021\/11\/logo-ASCC-300x294.png","type":"","width":"","height":""}],"twitter_card":"summary_large_image","twitter_misc":{"Est. reading time":"2 minutes"},"schema":{"@context":"https:\/\/schema.org","@graph":[{"@type":"WebPage","@id":"https:\/\/www.ville-clerac.fr\/les-randonnees\/","url":"https:\/\/www.ville-clerac.fr\/les-randonnees\/","name":"Hiking in Cl\u00e9rac in Charente Maritime","isPartOf":{"@id":"https:\/\/www.ville-clerac.fr\/#website"},"primaryImageOfPage":{"@id":"https:\/\/www.ville-clerac.fr\/les-randonnees\/#primaryimage"},"image":{"@id":"https:\/\/www.ville-clerac.fr\/les-randonnees\/#primaryimage"},"thumbnailUrl":"https:\/\/www.ville-clerac.fr\/wp-content\/uploads\/2021\/11\/logo-ASCC-300x294.png","datePublished":"2017-09-23T10:38:21+00:00","dateModified":"2021-12-17T09:27:29+00:00","description":"In a green environment, Cl\u00e9rac offers you the possibility of hiking through a forest of 3200ha, a multitude of landscape.","breadcrumb":{"@id":"https:\/\/www.ville-clerac.fr\/les-randonnees\/#breadcrumb"},"inLanguage":"en-US","potentialAction":[{"@type":"ReadAction","target":["https:\/\/www.ville-clerac.fr\/les-randonnees\/"]}]},{"@type":"ImageObject","inLanguage":"en-US","@id":"https:\/\/www.ville-clerac.fr\/les-randonnees\/#primaryimage","url":"https:\/\/www.ville-clerac.fr\/wp-content\/uploads\/2021\/11\/logo-ASCC-300x294.png","contentUrl":"https:\/\/www.ville-clerac.fr\/wp-content\/uploads\/2021\/11\/logo-ASCC-300x294.png"},{"@type":"BreadcrumbList","@id":"https:\/\/www.ville-clerac.fr\/les-randonnees\/#breadcrumb","itemListElement":[{"@type":"ListItem","position":1,"name":"Accueil","item":"https:\/\/www.ville-clerac.fr\/en\/"},{"@type":"ListItem","position":2,"name":"The hikes"}]},{"@type":"WebSite","@id":"https:\/\/www.ville-clerac.fr\/#website","url":"https:\/\/www.ville-clerac.fr\/","name":"City of Cl\u00e9rac","description":"Official website","publisher":{"@id":"https:\/\/www.ville-clerac.fr\/#organization"},"potentialAction":[{"@type":"SearchAction","target":{"@type":"EntryPoint","urlTemplate":"https:\/\/www.ville-clerac.fr\/?s={search_term_string}"},"query-input":{"@type":"PropertyValueSpecification","valueRequired":true,"valueName":"search_term_string"}}],"inLanguage":"en-US"},{"@type":"Organization","@id":"https:\/\/www.ville-clerac.fr\/#organization","name":"City of Cl\u00e9rac","url":"https:\/\/www.ville-clerac.fr\/","logo":{"@type":"ImageObject","inLanguage":"en-US","@id":"https:\/\/www.ville-clerac.fr\/#\/schema\/logo\/image\/","url":"https:\/\/www.ville-clerac.fr\/wp-content\/uploads\/2017\/10\/cropped-logo-03.png","contentUrl":"https:\/\/www.ville-clerac.fr\/wp-content\/uploads\/2017\/10\/cropped-logo-03.png","width":512,"height":512,"caption":"City of Cl\u00e9rac"},"image":{"@id":"https:\/\/www.ville-clerac.fr\/#\/schema\/logo\/image\/"}}]}},"_links":{"self":[{"href":"https:\/\/www.ville-clerac.fr\/en\/wp-json\/wp\/v2\/pages\/2083","targetHints":{"allow":["GET"]}}],"collection":[{"href":"https:\/\/www.ville-clerac.fr\/en\/wp-json\/wp\/v2\/pages"}],"about":[{"href":"https:\/\/www.ville-clerac.fr\/en\/wp-json\/wp\/v2\/types\/page"}],"author":[{"embeddable":true,"href":"https:\/\/www.ville-clerac.fr\/en\/wp-json\/wp\/v2\/users\/5"}],"replies":[{"embeddable":true,"href":"https:\/\/www.ville-clerac.fr\/en\/wp-json\/wp\/v2\/comments?post=2083"}],"version-history":[{"count":5,"href":"https:\/\/www.ville-clerac.fr\/en\/wp-json\/wp\/v2\/pages\/2083\/revisions"}],"predecessor-version":[{"id":6100,"href":"https:\/\/www.ville-clerac.fr\/en\/wp-json\/wp\/v2\/pages\/2083\/revisions\/6100"}],"wp:attachment":[{"href":"https:\/\/www.ville-clerac.fr\/en\/wp-json\/wp\/v2\/media?parent=2083"}],"curies":[{"name":"wp","href":"https:\/\/api.w.org\/{rel}","templated":true}]}}