{"id":2087,"date":"2017-09-23T12:46:15","date_gmt":"2017-09-23T10:46:15","guid":{"rendered":"https:\/\/www.ville-clerac.fr\/museum-of-jobs-and-popular-traditions\/"},"modified":"2024-07-05T14:51:57","modified_gmt":"2024-07-05T12:51:57","slug":"museum-of-jobs-and-popular-traditions","status":"publish","type":"page","link":"https:\/\/www.ville-clerac.fr\/en\/museum-of-jobs-and-popular-traditions\/","title":{"rendered":"Museum of jobs and popular traditions"},"content":{"rendered":"<div class=\"wpb-content-wrapper\">[vc_row][vc_column width=&#8221;2\/3&#8243;][vc_column_text css=&#8221;&#8221;]<strong>Contact information :<\/strong><br \/>\n1 route des Ch\u00e2teaux<br \/>\n17270 Cl\u00e9rac<br \/>\nT\u00e9l : 05 46 70 22 58<br \/>\nCourriel\u00a0: <a href=\"mailto:musee-clerac@wanadoo.fr\">Nous \u00e9crire<\/a><br \/>\nSite\u00a0: <a href=\"http:\/\/www.musee-clerac.fr\" target=\"blank\" rel=\"noopener noreferrer\">www.musee-clerac.fr<\/a><\/p>\n<p><strong>Museum opening period:<\/strong><br \/>\nFrom May 1 to September 30<\/p>\n<p><strong>Prices :<\/strong><br \/>\nAdult : 4 \u20ac<br \/>\nStudent : gratuit<br \/>\nSchool : 16 \u20ac \/ classe<br \/>\nGroup (from 10 people) : 3 \u20ac \/ personne<\/p>\n<p><strong>Opening time:<\/strong><br \/>\nEvery day from 10 a.m. to 12 p.m. and from 2 p.m. to 6.30 p.m.<br \/>\nExcept Tuesday and Wednesday from 2 p.m. to 6.30 p.m.<\/p>\n<p>Off-season visits are possible by appointment.<br \/>\nClosed on Mondays<br \/>\nTemporary exhibitions<\/p>\n<p><strong>Personal :<\/strong><br \/>\nTerritorial agent: Audrey Martineau<\/p>\n<p><strong>Description\u00a0:<\/strong><br \/>\nThe museum was created by a resident of Cl\u00e9rac, Ren\u00e9 Soulard, a passionate collector of old tools. The museum presents the life of yesteryear and nine rural trades representative of economic activity in the town of Cl\u00e9rac.<br \/>\nTo enhance the visit, four interactive terminals are installed in the museum.<\/p>\n<p>To know more <a href=\"http:\/\/www.musee-clerac.fr\" target=\"blank\" rel=\"noopener noreferrer\">www.musee-clerac.fr<\/a>[\/vc_column_text][\/vc_column][vc_column width=&#8221;1\/3&#8243;][vc_single_image image=&#8221;1861&#8243; img_size=&#8221;large&#8221; onclick=&#8221;link_image&#8221;][vc_single_image image=&#8221;7260&#8243; img_size=&#8221;large&#8221; onclick=&#8221;link_image&#8221; css=&#8221;&#8221;][vc_single_image image=&#8221;1855&#8243; img_size=&#8221;large&#8221; onclick=&#8221;link_image&#8221;][\/vc_column][\/vc_row]\n<\/div>","protected":false},"excerpt":{"rendered":"<p>[vc_row][vc_column width=&#8221;2\/3&#8243;][vc_column_text css=&#8221;&#8221;]Contact information : 1 route des Ch\u00e2teaux 17270 Cl\u00e9rac T\u00e9l : 05 46 70 22 58 Courriel\u00a0: Nous \u00e9crire Site\u00a0: www.musee-clerac.fr Museum opening period: From May 1 to September 30 Prices : Adult : 4 \u20ac Student : gratuit School : 16 \u20ac \/ classe Group (from 10 people) : 3 \u20ac \/ [&hellip;]<\/p>\n","protected":false},"author":5,"featured_media":0,"parent":0,"menu_order":0,"comment_status":"closed","ping_status":"closed","template":"","meta":{"footnotes":""},"class_list":["post-2087","page","type-page","status-publish","hentry"],"yoast_head":"<!-- This site is optimized with the Yoast SEO plugin v27.3 - https:\/\/yoast.com\/product\/yoast-seo-wordpress\/ -->\n<title>Museum of jobs and popular traditions<\/title>\n<meta name=\"description\" content=\"The museum shows the life in the past. Nine rural jobs explain the economic activity in Clerac\u2019s district.\" \/>\n<meta name=\"robots\" content=\"index, follow, max-snippet:-1, max-image-preview:large, max-video-preview:-1\" \/>\n<link rel=\"canonical\" href=\"https:\/\/www.ville-clerac.fr\/musee-des-metiers-et-traditions-populaires\/\" \/>\n<meta property=\"og:locale\" content=\"en_US\" \/>\n<meta property=\"og:type\" content=\"article\" \/>\n<meta property=\"og:title\" content=\"Museum of jobs and popular traditions\" \/>\n<meta property=\"og:description\" content=\"The museum shows the life in the past. Nine rural jobs explain the economic activity in Clerac\u2019s district.\" \/>\n<meta property=\"og:url\" content=\"https:\/\/www.ville-clerac.fr\/musee-des-metiers-et-traditions-populaires\/\" \/>\n<meta property=\"og:site_name\" content=\"City of Cl\u00e9rac\" \/>\n<meta property=\"article:modified_time\" content=\"2024-07-05T12:51:57+00:00\" \/>\n<meta name=\"twitter:card\" content=\"summary_large_image\" \/>\n<meta name=\"twitter:label1\" content=\"Est. reading time\" \/>\n\t<meta name=\"twitter:data1\" content=\"1 minute\" \/>\n<script type=\"application\/ld+json\" class=\"yoast-schema-graph\">{\"@context\":\"https:\\\/\\\/schema.org\",\"@graph\":[{\"@type\":\"WebPage\",\"@id\":\"https:\\\/\\\/www.ville-clerac.fr\\\/musee-des-metiers-et-traditions-populaires\\\/\",\"url\":\"https:\\\/\\\/www.ville-clerac.fr\\\/musee-des-metiers-et-traditions-populaires\\\/\",\"name\":\"Museum of jobs and popular traditions\",\"isPartOf\":{\"@id\":\"https:\\\/\\\/www.ville-clerac.fr\\\/#website\"},\"datePublished\":\"2017-09-23T10:46:15+00:00\",\"dateModified\":\"2024-07-05T12:51:57+00:00\",\"description\":\"The museum shows the life in the past. Nine rural jobs explain the economic activity in Clerac\u2019s district.\",\"breadcrumb\":{\"@id\":\"https:\\\/\\\/www.ville-clerac.fr\\\/musee-des-metiers-et-traditions-populaires\\\/#breadcrumb\"},\"inLanguage\":\"en-US\",\"potentialAction\":[{\"@type\":\"ReadAction\",\"target\":[\"https:\\\/\\\/www.ville-clerac.fr\\\/musee-des-metiers-et-traditions-populaires\\\/\"]}]},{\"@type\":\"BreadcrumbList\",\"@id\":\"https:\\\/\\\/www.ville-clerac.fr\\\/musee-des-metiers-et-traditions-populaires\\\/#breadcrumb\",\"itemListElement\":[{\"@type\":\"ListItem\",\"position\":1,\"name\":\"Accueil\",\"item\":\"https:\\\/\\\/www.ville-clerac.fr\\\/en\\\/\"},{\"@type\":\"ListItem\",\"position\":2,\"name\":\"Museum of jobs and popular traditions\"}]},{\"@type\":\"WebSite\",\"@id\":\"https:\\\/\\\/www.ville-clerac.fr\\\/#website\",\"url\":\"https:\\\/\\\/www.ville-clerac.fr\\\/\",\"name\":\"City of Cl\u00e9rac\",\"description\":\"Official website\",\"publisher\":{\"@id\":\"https:\\\/\\\/www.ville-clerac.fr\\\/#organization\"},\"potentialAction\":[{\"@type\":\"SearchAction\",\"target\":{\"@type\":\"EntryPoint\",\"urlTemplate\":\"https:\\\/\\\/www.ville-clerac.fr\\\/?s={search_term_string}\"},\"query-input\":{\"@type\":\"PropertyValueSpecification\",\"valueRequired\":true,\"valueName\":\"search_term_string\"}}],\"inLanguage\":\"en-US\"},{\"@type\":\"Organization\",\"@id\":\"https:\\\/\\\/www.ville-clerac.fr\\\/#organization\",\"name\":\"City of Cl\u00e9rac\",\"url\":\"https:\\\/\\\/www.ville-clerac.fr\\\/\",\"logo\":{\"@type\":\"ImageObject\",\"inLanguage\":\"en-US\",\"@id\":\"https:\\\/\\\/www.ville-clerac.fr\\\/#\\\/schema\\\/logo\\\/image\\\/\",\"url\":\"https:\\\/\\\/www.ville-clerac.fr\\\/wp-content\\\/uploads\\\/2017\\\/10\\\/cropped-logo-03.png\",\"contentUrl\":\"https:\\\/\\\/www.ville-clerac.fr\\\/wp-content\\\/uploads\\\/2017\\\/10\\\/cropped-logo-03.png\",\"width\":512,\"height\":512,\"caption\":\"City of Cl\u00e9rac\"},\"image\":{\"@id\":\"https:\\\/\\\/www.ville-clerac.fr\\\/#\\\/schema\\\/logo\\\/image\\\/\"}}]}<\/script>\n<!-- \/ Yoast SEO plugin. -->","yoast_head_json":{"title":"Museum of jobs and popular traditions","description":"The museum shows the life in the past. Nine rural jobs explain the economic activity in Clerac\u2019s district.","robots":{"index":"index","follow":"follow","max-snippet":"max-snippet:-1","max-image-preview":"max-image-preview:large","max-video-preview":"max-video-preview:-1"},"canonical":"https:\/\/www.ville-clerac.fr\/musee-des-metiers-et-traditions-populaires\/","og_locale":"en_US","og_type":"article","og_title":"Museum of jobs and popular traditions","og_description":"The museum shows the life in the past. Nine rural jobs explain the economic activity in Clerac\u2019s district.","og_url":"https:\/\/www.ville-clerac.fr\/musee-des-metiers-et-traditions-populaires\/","og_site_name":"City of Cl\u00e9rac","article_modified_time":"2024-07-05T12:51:57+00:00","twitter_card":"summary_large_image","twitter_misc":{"Est. reading time":"1 minute"},"schema":{"@context":"https:\/\/schema.org","@graph":[{"@type":"WebPage","@id":"https:\/\/www.ville-clerac.fr\/musee-des-metiers-et-traditions-populaires\/","url":"https:\/\/www.ville-clerac.fr\/musee-des-metiers-et-traditions-populaires\/","name":"Museum of jobs and popular traditions","isPartOf":{"@id":"https:\/\/www.ville-clerac.fr\/#website"},"datePublished":"2017-09-23T10:46:15+00:00","dateModified":"2024-07-05T12:51:57+00:00","description":"The museum shows the life in the past. Nine rural jobs explain the economic activity in Clerac\u2019s district.","breadcrumb":{"@id":"https:\/\/www.ville-clerac.fr\/musee-des-metiers-et-traditions-populaires\/#breadcrumb"},"inLanguage":"en-US","potentialAction":[{"@type":"ReadAction","target":["https:\/\/www.ville-clerac.fr\/musee-des-metiers-et-traditions-populaires\/"]}]},{"@type":"BreadcrumbList","@id":"https:\/\/www.ville-clerac.fr\/musee-des-metiers-et-traditions-populaires\/#breadcrumb","itemListElement":[{"@type":"ListItem","position":1,"name":"Accueil","item":"https:\/\/www.ville-clerac.fr\/en\/"},{"@type":"ListItem","position":2,"name":"Museum of jobs and popular traditions"}]},{"@type":"WebSite","@id":"https:\/\/www.ville-clerac.fr\/#website","url":"https:\/\/www.ville-clerac.fr\/","name":"City of Cl\u00e9rac","description":"Official website","publisher":{"@id":"https:\/\/www.ville-clerac.fr\/#organization"},"potentialAction":[{"@type":"SearchAction","target":{"@type":"EntryPoint","urlTemplate":"https:\/\/www.ville-clerac.fr\/?s={search_term_string}"},"query-input":{"@type":"PropertyValueSpecification","valueRequired":true,"valueName":"search_term_string"}}],"inLanguage":"en-US"},{"@type":"Organization","@id":"https:\/\/www.ville-clerac.fr\/#organization","name":"City of Cl\u00e9rac","url":"https:\/\/www.ville-clerac.fr\/","logo":{"@type":"ImageObject","inLanguage":"en-US","@id":"https:\/\/www.ville-clerac.fr\/#\/schema\/logo\/image\/","url":"https:\/\/www.ville-clerac.fr\/wp-content\/uploads\/2017\/10\/cropped-logo-03.png","contentUrl":"https:\/\/www.ville-clerac.fr\/wp-content\/uploads\/2017\/10\/cropped-logo-03.png","width":512,"height":512,"caption":"City of Cl\u00e9rac"},"image":{"@id":"https:\/\/www.ville-clerac.fr\/#\/schema\/logo\/image\/"}}]}},"_links":{"self":[{"href":"https:\/\/www.ville-clerac.fr\/en\/wp-json\/wp\/v2\/pages\/2087","targetHints":{"allow":["GET"]}}],"collection":[{"href":"https:\/\/www.ville-clerac.fr\/en\/wp-json\/wp\/v2\/pages"}],"about":[{"href":"https:\/\/www.ville-clerac.fr\/en\/wp-json\/wp\/v2\/types\/page"}],"author":[{"embeddable":true,"href":"https:\/\/www.ville-clerac.fr\/en\/wp-json\/wp\/v2\/users\/5"}],"replies":[{"embeddable":true,"href":"https:\/\/www.ville-clerac.fr\/en\/wp-json\/wp\/v2\/comments?post=2087"}],"version-history":[{"count":5,"href":"https:\/\/www.ville-clerac.fr\/en\/wp-json\/wp\/v2\/pages\/2087\/revisions"}],"predecessor-version":[{"id":7268,"href":"https:\/\/www.ville-clerac.fr\/en\/wp-json\/wp\/v2\/pages\/2087\/revisions\/7268"}],"wp:attachment":[{"href":"https:\/\/www.ville-clerac.fr\/en\/wp-json\/wp\/v2\/media?parent=2087"}],"curies":[{"name":"wp","href":"https:\/\/api.w.org\/{rel}","templated":true}]}}