{"id":2687,"date":"2017-10-18T11:12:28","date_gmt":"2017-10-18T09:12:28","guid":{"rendered":"https:\/\/www.ville-clerac.fr\/mentions-legales\/"},"modified":"2017-10-18T11:14:37","modified_gmt":"2017-10-18T09:14:37","slug":"mentions-legales","status":"publish","type":"page","link":"https:\/\/www.ville-clerac.fr\/en\/mentions-legales\/","title":{"rendered":"Legal Notice"},"content":{"rendered":"<div class=\"wpb-content-wrapper\">[vc_row][vc_column][vc_column_text]\n<div>\n<p>&nbsp;<\/p>\n<h3>Informations \u00e9diteur<\/h3>\n<p>Le site www.ville-clerac.fr est g\u00e9r\u00e9 par le service Communication de la ville de Cl\u00e9rac. L&#8217;animation \u00e9ditoriale et les mises \u00e0 jour du site sont assur\u00e9es par les webmestres du service Communication en liaison avec l&#8217;ensemble des directions de la Ville.<\/p>\n<p>Directeur de la publication : M.\u00a0GUY PASQUET\u00a0maire.<\/p>\n<p>Pour toute suggestion, information, r\u00e9action concernant ce site, n&#8217;h\u00e9sitez pas \u00e0 \u00e9crire au webmestre :<\/p>\n<ul>\n<li>par voie \u00e9lectronique :<span>\u00a0<\/span><a title=\"Contacter par e-mail\" href=\"mailto:maire@ville-clerac.fr\" target=\"_self\">Ecrire au Maire<\/a><\/li>\n<li>par voie postale : Service Communication &#8211; <span>Mairie de Cl\u00e9rac\u00a0<\/span><span>Le Bourg\u00a0<\/span><span>17270 Cl\u00e9rac<\/span><\/li>\n<li>par t\u00e9l\u00e9phone : <a href=\"tel:0546041312\">05.46.04.13.12<\/a><\/li>\n<\/ul>\n<h3>\u00a0Droit d&#8217;auteur et reprise du contenu mis en ligne<\/h3>\n<p>Sous r\u00e9serve des exceptions l\u00e9gales, tous les contenus pr\u00e9sents sur le site municipal sont couverts par le droit d&#8217;auteur. Toute reprise est d\u00e8s lors conditionn\u00e9e \u00e0 l&#8217;accord de l&#8217;auteur en vertu de l&#8217;article L.122-4 du Code de la Propri\u00e9t\u00e9 Intellectuelle.<\/p>\n<p><b>Les diff\u00e9rents contenus pr\u00e9sents sur le site :<\/b><\/p>\n<p>Tous les contenus \u00e9crits\u00a0et\/ou mis en ligne par la r\u00e9daction du site www.ville-clearc.fr ne peuvent \u00eatre reproduits librement sans l\u2019autorisation de leur auteur.<\/p>\n<p>Toute demande de repr\u00e9sentation ou reproduction int\u00e9grale ou partielle doit \u00eatre adress\u00e9e \u00e0 :<\/p>\n<p><span>Mairie de Cl\u00e9rac<\/span><br \/>\n<span>Le Bourg<\/span><br \/>\n<span>17270 Cl\u00e9rac<\/span><\/p>\n<p>ou par<span>\u00a0<\/span><a title=\"Contacter par e-mail\" href=\"mailto:maire@ville-clerac.fr\" target=\"_self\">courrier \u00e9lectronique<\/a><br \/>\n<b>Si la Ville a autoris\u00e9 la reproduction d&#8217;un contenu, il est obligatoire de l&#8217;assortir de :<\/b><br \/>\n&#8211; la mention Article paru sur le site www.ville-clearc.fr. Cette mention pointera gr\u00e2ce \u00e0 un lien hyper-texte directement sur le contenu.<br \/>\n&#8211; la mention &#8220;Droits r\u00e9serv\u00e9s&#8221;, \u00e0 la fin de chaque contenu repris.<\/p>\n<p>Toutes les photographies, vid\u00e9os, infographies et autres \u00e9l\u00e9ments techniques et graphiques disponibles sur le site<span>\u00a0<\/span><a href=\"http:\/\/www.ville-clearc.fr\">www.ville-clearc.fr<\/a><span>\u00a0<\/span>sont couverts par des droits de propri\u00e9t\u00e9 intellectuelle. Toute reproduction ou repr\u00e9sentation partielle ou totale pour quelque usage que ce soit est interdite sans l&#8217;accord pr\u00e9alable des titulaires de droits.<\/p>\n<p>Toute demande de mise en relation avec l\u2019auteur d\u2019une photographie, vid\u00e9o ou autre \u00e9l\u00e9ment technique et graphique publi\u00e9 sur ce site devra \u00eatre adress\u00e9e \u00e0 :<\/p>\n<p>Mairie de Cl\u00e9rac<br \/>\nService Communication<br \/>\nLe Bourg<br \/>\n17270 Cl\u00e9rac<\/p>\n<p>ou par<span>\u00a0<\/span><a title=\"Contacter par e-mail\" href=\"mailto:maire@ville-clerac.fr\" target=\"_self\">courrier \u00e9lectronique<\/a><\/p>\n<h3>Traitement des donn\u00e9es personnelles<\/h3>\n<p>Conform\u00e9ment aux dispositions de la loi n\u00b0 78-17 du 6 janvier 1978 relative \u00e0 l&#8217;informatique, aux fichiers et aux libert\u00e9s, vous disposez d&#8217;un droit d&#8217;acc\u00e8s, de rectification, de modification et de suppression concernant les donn\u00e9es qui vous concernent. Vous pouvez exercer ce droit en envoyant un mail au<span>\u00a0<\/span><a href=\"mailto:maire@ville-clerac.fr\">correspondant informatique et libert\u00e9s (CIL)<\/a><span>\u00a0<\/span>et en justifiant de votre identit\u00e9.<\/p>\n<p>Il vous est \u00e9galement possible d&#8217;envoyer un courrier \u00e0 l&#8217;adresse suivante :<\/p>\n<p>Mairie de Cl\u00e9rac<br \/>\nService Communication<br \/>\nLe Bourg<br \/>\n17270 Cl\u00e9rac<\/p>\n<p>&nbsp;<\/p>\n<h3>Informations h\u00e9bergeur<\/h3>\n<p>Le site <a href=\"http:\/\/www.ville-clearc.fr\">www.ville-clearc.fr<\/a>\u00a0est h\u00e9berg\u00e9 par la soci\u00e9t\u00e9 OVH :<br \/>\n<span><strong>OVH<\/strong><\/span><br \/>\n<span>SAS au capital de 10 000 000 \u20ac RCS Roubaix \u2013 Tourcoing 424 761 419 00045\u00a0<\/span><br \/>\n<span>Code APE 6202A \u2013 N\u00b0 TVA : FR 22 424 761 419<\/span><br \/>\n<span>Si\u00e8ge social : 2 rue Kellermann 59100 Roubaix \u2013 France.<\/span><br \/>\n<span>France<\/span><\/p>\n<h3>R\u00e9alisation du site<\/h3>\n<p>DOKiMEDIA<br \/>\nCr\u00e9ation de sites internet<br \/>\nProduction de films institutionnels et publicitaires<br \/>\nBP 12009<br \/>\n17009 La Rochelle Cedex 1<br \/>\nFrance<br \/>\nT\u00e9l: 05 46 30 09 37<br \/>\n<span><a href=\"http:\/\/www.dokimedia.fr\/\" target=\"_blank\" rel=\"noopener\">www.dokimedia.fr<\/a><\/span><br \/>\n<span>RCS La Rochelle\u00a0<\/span><\/p>\n<\/div>\n[\/vc_column_text][\/vc_column][\/vc_row][vc_row][vc_column][vc_column_text]<strong><a href=\"http:\/\/www.dokimedia.fr\/\" target=\"_blank\" rel=\"noopener\">Cr\u00e9ation de site internet Haute Saintonge Charente Maritime \u2013 DOKiMEDIA<\/a>\u00a0<\/strong>\u00a9 2017 Tous droits r\u00e9serv\u00e9s.[\/vc_column_text][\/vc_column][\/vc_row]\n<\/div>","protected":false},"excerpt":{"rendered":"<p>[vc_row][vc_column][vc_column_text] &nbsp; Informations \u00e9diteur Le site www.ville-clerac.fr est g\u00e9r\u00e9 par le service Communication de la ville de Cl\u00e9rac. L&#8217;animation \u00e9ditoriale et les mises \u00e0 jour du site sont assur\u00e9es par les webmestres du service Communication en liaison avec l&#8217;ensemble des directions de la Ville. Directeur de la publication : M.\u00a0GUY PASQUET\u00a0maire. Pour toute suggestion, information, [&hellip;]<\/p>\n","protected":false},"author":1,"featured_media":0,"parent":0,"menu_order":0,"comment_status":"closed","ping_status":"closed","template":"","meta":{"footnotes":""},"class_list":["post-2687","page","type-page","status-publish","hentry"],"yoast_head":"<!-- This site is optimized with the Yoast SEO plugin v27.3 - https:\/\/yoast.com\/product\/yoast-seo-wordpress\/ -->\n<title>Legal Notice - City of Cl\u00e9rac<\/title>\n<meta name=\"robots\" content=\"index, follow, max-snippet:-1, max-image-preview:large, max-video-preview:-1\" \/>\n<link rel=\"canonical\" href=\"https:\/\/www.ville-clerac.fr\/mentions-legales\/\" \/>\n<meta property=\"og:locale\" content=\"en_US\" \/>\n<meta property=\"og:type\" content=\"article\" \/>\n<meta property=\"og:title\" content=\"Legal Notice - City of Cl\u00e9rac\" \/>\n<meta property=\"og:description\" content=\"[vc_row][vc_column][vc_column_text] &nbsp; Informations \u00e9diteur Le site www.ville-clerac.fr est g\u00e9r\u00e9 par le service Communication de la ville de Cl\u00e9rac. L&#8217;animation \u00e9ditoriale et les mises \u00e0 jour du site sont assur\u00e9es par les webmestres du service Communication en liaison avec l&#8217;ensemble des directions de la Ville. Directeur de la publication : M.\u00a0GUY PASQUET\u00a0maire. Pour toute suggestion, information, [&hellip;]\" \/>\n<meta property=\"og:url\" content=\"https:\/\/www.ville-clerac.fr\/mentions-legales\/\" \/>\n<meta property=\"og:site_name\" content=\"City of Cl\u00e9rac\" \/>\n<meta property=\"article:modified_time\" content=\"2017-10-18T09:14:37+00:00\" \/>\n<meta name=\"twitter:card\" content=\"summary_large_image\" \/>\n<meta name=\"twitter:label1\" content=\"Est. reading time\" \/>\n\t<meta name=\"twitter:data1\" content=\"3 minutes\" \/>\n<script type=\"application\/ld+json\" class=\"yoast-schema-graph\">{\"@context\":\"https:\\\/\\\/schema.org\",\"@graph\":[{\"@type\":\"WebPage\",\"@id\":\"https:\\\/\\\/www.ville-clerac.fr\\\/mentions-legales\\\/\",\"url\":\"https:\\\/\\\/www.ville-clerac.fr\\\/mentions-legales\\\/\",\"name\":\"Legal Notice - City of Cl\u00e9rac\",\"isPartOf\":{\"@id\":\"https:\\\/\\\/www.ville-clerac.fr\\\/#website\"},\"datePublished\":\"2017-10-18T09:12:28+00:00\",\"dateModified\":\"2017-10-18T09:14:37+00:00\",\"breadcrumb\":{\"@id\":\"https:\\\/\\\/www.ville-clerac.fr\\\/mentions-legales\\\/#breadcrumb\"},\"inLanguage\":\"en-US\",\"potentialAction\":[{\"@type\":\"ReadAction\",\"target\":[\"https:\\\/\\\/www.ville-clerac.fr\\\/mentions-legales\\\/\"]}]},{\"@type\":\"BreadcrumbList\",\"@id\":\"https:\\\/\\\/www.ville-clerac.fr\\\/mentions-legales\\\/#breadcrumb\",\"itemListElement\":[{\"@type\":\"ListItem\",\"position\":1,\"name\":\"Accueil\",\"item\":\"https:\\\/\\\/www.ville-clerac.fr\\\/en\\\/\"},{\"@type\":\"ListItem\",\"position\":2,\"name\":\"Legal Notice\"}]},{\"@type\":\"WebSite\",\"@id\":\"https:\\\/\\\/www.ville-clerac.fr\\\/#website\",\"url\":\"https:\\\/\\\/www.ville-clerac.fr\\\/\",\"name\":\"City of Cl\u00e9rac\",\"description\":\"Official website\",\"publisher\":{\"@id\":\"https:\\\/\\\/www.ville-clerac.fr\\\/#organization\"},\"potentialAction\":[{\"@type\":\"SearchAction\",\"target\":{\"@type\":\"EntryPoint\",\"urlTemplate\":\"https:\\\/\\\/www.ville-clerac.fr\\\/?s={search_term_string}\"},\"query-input\":{\"@type\":\"PropertyValueSpecification\",\"valueRequired\":true,\"valueName\":\"search_term_string\"}}],\"inLanguage\":\"en-US\"},{\"@type\":\"Organization\",\"@id\":\"https:\\\/\\\/www.ville-clerac.fr\\\/#organization\",\"name\":\"City of Cl\u00e9rac\",\"url\":\"https:\\\/\\\/www.ville-clerac.fr\\\/\",\"logo\":{\"@type\":\"ImageObject\",\"inLanguage\":\"en-US\",\"@id\":\"https:\\\/\\\/www.ville-clerac.fr\\\/#\\\/schema\\\/logo\\\/image\\\/\",\"url\":\"https:\\\/\\\/www.ville-clerac.fr\\\/wp-content\\\/uploads\\\/2017\\\/10\\\/cropped-logo-03.png\",\"contentUrl\":\"https:\\\/\\\/www.ville-clerac.fr\\\/wp-content\\\/uploads\\\/2017\\\/10\\\/cropped-logo-03.png\",\"width\":512,\"height\":512,\"caption\":\"City of Cl\u00e9rac\"},\"image\":{\"@id\":\"https:\\\/\\\/www.ville-clerac.fr\\\/#\\\/schema\\\/logo\\\/image\\\/\"}}]}<\/script>\n<!-- \/ Yoast SEO plugin. -->","yoast_head_json":{"title":"Legal Notice - City of Cl\u00e9rac","robots":{"index":"index","follow":"follow","max-snippet":"max-snippet:-1","max-image-preview":"max-image-preview:large","max-video-preview":"max-video-preview:-1"},"canonical":"https:\/\/www.ville-clerac.fr\/mentions-legales\/","og_locale":"en_US","og_type":"article","og_title":"Legal Notice - City of Cl\u00e9rac","og_description":"[vc_row][vc_column][vc_column_text] &nbsp; Informations \u00e9diteur Le site www.ville-clerac.fr est g\u00e9r\u00e9 par le service Communication de la ville de Cl\u00e9rac. L&#8217;animation \u00e9ditoriale et les mises \u00e0 jour du site sont assur\u00e9es par les webmestres du service Communication en liaison avec l&#8217;ensemble des directions de la Ville. Directeur de la publication : M.\u00a0GUY PASQUET\u00a0maire. Pour toute suggestion, information, [&hellip;]","og_url":"https:\/\/www.ville-clerac.fr\/mentions-legales\/","og_site_name":"City of Cl\u00e9rac","article_modified_time":"2017-10-18T09:14:37+00:00","twitter_card":"summary_large_image","twitter_misc":{"Est. reading time":"3 minutes"},"schema":{"@context":"https:\/\/schema.org","@graph":[{"@type":"WebPage","@id":"https:\/\/www.ville-clerac.fr\/mentions-legales\/","url":"https:\/\/www.ville-clerac.fr\/mentions-legales\/","name":"Legal Notice - City of Cl\u00e9rac","isPartOf":{"@id":"https:\/\/www.ville-clerac.fr\/#website"},"datePublished":"2017-10-18T09:12:28+00:00","dateModified":"2017-10-18T09:14:37+00:00","breadcrumb":{"@id":"https:\/\/www.ville-clerac.fr\/mentions-legales\/#breadcrumb"},"inLanguage":"en-US","potentialAction":[{"@type":"ReadAction","target":["https:\/\/www.ville-clerac.fr\/mentions-legales\/"]}]},{"@type":"BreadcrumbList","@id":"https:\/\/www.ville-clerac.fr\/mentions-legales\/#breadcrumb","itemListElement":[{"@type":"ListItem","position":1,"name":"Accueil","item":"https:\/\/www.ville-clerac.fr\/en\/"},{"@type":"ListItem","position":2,"name":"Legal Notice"}]},{"@type":"WebSite","@id":"https:\/\/www.ville-clerac.fr\/#website","url":"https:\/\/www.ville-clerac.fr\/","name":"City of Cl\u00e9rac","description":"Official website","publisher":{"@id":"https:\/\/www.ville-clerac.fr\/#organization"},"potentialAction":[{"@type":"SearchAction","target":{"@type":"EntryPoint","urlTemplate":"https:\/\/www.ville-clerac.fr\/?s={search_term_string}"},"query-input":{"@type":"PropertyValueSpecification","valueRequired":true,"valueName":"search_term_string"}}],"inLanguage":"en-US"},{"@type":"Organization","@id":"https:\/\/www.ville-clerac.fr\/#organization","name":"City of Cl\u00e9rac","url":"https:\/\/www.ville-clerac.fr\/","logo":{"@type":"ImageObject","inLanguage":"en-US","@id":"https:\/\/www.ville-clerac.fr\/#\/schema\/logo\/image\/","url":"https:\/\/www.ville-clerac.fr\/wp-content\/uploads\/2017\/10\/cropped-logo-03.png","contentUrl":"https:\/\/www.ville-clerac.fr\/wp-content\/uploads\/2017\/10\/cropped-logo-03.png","width":512,"height":512,"caption":"City of Cl\u00e9rac"},"image":{"@id":"https:\/\/www.ville-clerac.fr\/#\/schema\/logo\/image\/"}}]}},"_links":{"self":[{"href":"https:\/\/www.ville-clerac.fr\/en\/wp-json\/wp\/v2\/pages\/2687","targetHints":{"allow":["GET"]}}],"collection":[{"href":"https:\/\/www.ville-clerac.fr\/en\/wp-json\/wp\/v2\/pages"}],"about":[{"href":"https:\/\/www.ville-clerac.fr\/en\/wp-json\/wp\/v2\/types\/page"}],"author":[{"embeddable":true,"href":"https:\/\/www.ville-clerac.fr\/en\/wp-json\/wp\/v2\/users\/1"}],"replies":[{"embeddable":true,"href":"https:\/\/www.ville-clerac.fr\/en\/wp-json\/wp\/v2\/comments?post=2687"}],"version-history":[{"count":5,"href":"https:\/\/www.ville-clerac.fr\/en\/wp-json\/wp\/v2\/pages\/2687\/revisions"}],"predecessor-version":[{"id":2692,"href":"https:\/\/www.ville-clerac.fr\/en\/wp-json\/wp\/v2\/pages\/2687\/revisions\/2692"}],"wp:attachment":[{"href":"https:\/\/www.ville-clerac.fr\/en\/wp-json\/wp\/v2\/media?parent=2687"}],"curies":[{"name":"wp","href":"https:\/\/api.w.org\/{rel}","templated":true}]}}